{"id":104,"date":"2020-10-20T13:08:26","date_gmt":"2020-10-20T17:08:26","guid":{"rendered":"http:\/\/54.39.202.149\/~rinkboardsdev\/?page_id=104"},"modified":"2022-11-16T11:17:35","modified_gmt":"2022-11-16T16:17:35","slug":"accueil","status":"publish","type":"page","link":"https:\/\/rinkboards.com\/fr\/","title":{"rendered":"Solutions d&rsquo;installation de panneaux publicitaires dans les ar\u00e8nes"},"content":{"rendered":"\n  <div class=\"banner has-hover has-video is-full-height\" id=\"banner-1821687831\">\n          <div class=\"banner-inner fill\">\n        <div class=\"banner-bg fill\" >\n                        \t<div class=\"video-overlay no-click fill visible\"><\/div>\n\t<video class=\"video-bg fill visible\" preload playsinline autoplay muted loop>\n\t\t<source src=\"https:\/\/rinkboards.com\/wp-content\/uploads\/2022\/07\/Rinkboards.mp4\" type=\"video\/mp4\">\t<\/video>\n            <div class=\"overlay\"><\/div>            \n                    <\/div>\n\t\t\n\t<div class=\"ux-shape-divider ux-shape-divider--bottom ux-shape-divider--style-tilt\">\n\t\t<svg viewBox=\"0 0 1000 100\" xmlns=\"http:\/\/www.w3.org\/2000\/svg\" preserveAspectRatio=\"none\">\n\t<path class=\"ux-shape-fill\" d=\"M1000 100V0L-40 100H1000Z\"\/>\n<\/svg>\n\t<\/div>\n        <div class=\"banner-layers container\">\n            <div class=\"fill banner-link\"><\/div>            \n   <div id=\"text-box-902861267\" class=\"text-box banner-layer x80 md-x50 lg-x50 y45 md-y50 lg-y50 res-text\">\n                     <div data-animate=\"none\">           <div class=\"text-box-content text dark\">\n              \n              <div class=\"text-inner text-left\">\n                  \n\t<div id=\"text-3091174254\" class=\"text\">\n\t\t\n<h1><span style=\"font-size: 200%;\" data-line-height=\"xs\">AU COEUR DE L\u2019ACTION DEPUIS 1974<\/span><\/h1>\n\t\t\n<style>\n#text-3091174254 {\n  text-align: left;\n  color: rgb(255, 255, 255);\n}\n#text-3091174254 > * {\n  color: rgb(255, 255, 255);\n}\n<\/style>\n\t<\/div>\n\t\n              <\/div>\n           <\/div>\n       <\/div>                     \n<style>\n#text-box-902861267 .text-inner {\n  padding: 50px 0px 0px 0px;\n}\n#text-box-902861267 {\n  width: 78%;\n}\n#text-box-902861267 .text-box-content {\n  font-size: 86%;\n}\n@media (min-width:550px) {\n  #text-box-902861267 {\n    width: 100%;\n  }\n  #text-box-902861267 .text-box-content {\n    font-size: 100%;\n  }\n}\n<\/style>\n    <\/div>\n \n        <\/div>\n      <\/div>\n\n            \n<style>\n#banner-1821687831 {\n  padding-top: 140%;\n}\n#banner-1821687831 .overlay {\n  background-color: rgba(0, 0, 0, 0.698);\n}\n#banner-1821687831 .ux-shape-divider--bottom svg {\n  height: 54px;\n  --divider-width: 100%;\n}\n@media (min-width:550px) {\n  #banner-1821687831 {\n    padding-top: 100%;\n  }\n}\n<\/style>\n  <\/div>\n\n\n\t<div id=\"gap-1220721536\" class=\"gap-element clearfix\" style=\"display:block; height:auto;\">\n\t\t\n<style>\n#gap-1220721536 {\n  padding-top: 70px;\n}\n<\/style>\n\t<\/div>\n\t\n\n\t<section class=\"section\" id=\"section_1994736964\">\n\t\t<div class=\"section-bg fill\" >\n\t\t\t\t\t\t\t\t\t\n\t\t\t\n\n\t\t<\/div>\n\n\t\t\n\n\t\t<div class=\"section-content relative\">\n\t\t\t\n<div class=\"row row-collapse row-full-width align-middle align-center\"  id=\"row-1829557096\">\n\n\t<div id=\"col-902129570\" class=\"col medium-7 small-12 large-7\"  >\n\t\t\t\t<div class=\"col-inner\"  >\n\t\t\t\n\t\t\t\n\t<div class=\"img has-hover x md-x lg-x y md-y lg-y\" id=\"image_1395125076\">\n\t\t<a class=\"\" href=\"\/fr\/nos-produits\/rinkboards\/\" >\t\t\t\t\t\t<div class=\"img-inner dark\" >\n\t\t\t<img loading=\"lazy\" decoding=\"async\" width=\"1000\" height=\"838\" src=\"https:\/\/i0.wp.com\/rinkboards.com\/wp-content\/uploads\/2022\/06\/Rinkboards-SN590.png?fit=1000%2C838&amp;ssl=1\" class=\"attachment-large size-large\" alt=\"\" srcset=\"https:\/\/i0.wp.com\/rinkboards.com\/wp-content\/uploads\/2022\/06\/Rinkboards-SN590.png?w=1000&amp;ssl=1 1000w, https:\/\/i0.wp.com\/rinkboards.com\/wp-content\/uploads\/2022\/06\/Rinkboards-SN590.png?resize=300%2C251&amp;ssl=1 300w, https:\/\/i0.wp.com\/rinkboards.com\/wp-content\/uploads\/2022\/06\/Rinkboards-SN590.png?resize=768%2C644&amp;ssl=1 768w\" sizes=\"auto, (max-width: 1000px) 100vw, 1000px\" title=\"\">\t\t\t\t\t\t\n\t\t\t\t\t<\/div>\n\t\t\t\t\t\t<\/a>\t\t\n<style>\n#image_1395125076 {\n  width: 90%;\n}\n<\/style>\n\t<\/div>\n\t\n\t\t<\/div>\n\t\t\t\t\t<\/div>\n\n\t\n\n\t<div id=\"col-273036048\" class=\"col medium-5 small-10 large-5 small-col-first\"  >\n\t\t\t\t<div class=\"col-inner text-right\"  >\n\t\t\t\n\t\t\t\n\t<div id=\"text-2385452424\" class=\"text\">\n\t\t\n<h2><span style=\"font-size: 140%;\">Nous sommes une solution de premi\u00e8re classe pour vos Rinkboards\u2122<\/span><\/h2>\n<p>Nous offrons une proposition cl\u00e9 en main, de la production \u00e0 l&rsquo;installation, avec un r\u00e9seau de plus de 40 \u00e9quipes professionnelles et exp\u00e9riment\u00e9es, en Am\u00e9rique du Nord, en Europe et en Asie. L\u2019offre comprend \u00e9galement un service de maintenance pour l\u2019entretien et la gestion de vos affichages de bande.<br \/>\n\t\t\n<style>\n#text-2385452424 {\n  text-align: right;\n}\n<\/style>\n\t<\/div>\n\t\n<a href=\"\/fr\/nos-produits\/rinkboards\/\" class=\"button secondary\" >\n\t\t<span>Entrez dans la partie !<\/span>\n\t<i class=\"icon-angle-right\" aria-hidden=\"true\"><\/i><\/a>\n\n\t\t<\/div>\n\t\t\t\t\n<style>\n#col-273036048 > .col-inner {\n  padding: 0px 0px 0px 0px;\n  margin: 0px 0px 0px 0px;\n}\n@media (min-width:550px) {\n  #col-273036048 > .col-inner {\n    padding: 0px 150px 0px 0px;\n    margin: 0px 0px 0px -30px;\n  }\n}\n<\/style>\n\t<\/div>\n\n\t\n<\/div>\n\t\t<\/div>\n\n\t\t\n<style>\n#section_1994736964 {\n  padding-top: 30px;\n  padding-bottom: 30px;\n}\n<\/style>\n\t<\/section>\n\t\n\t<div id=\"gap-2140032196\" class=\"gap-element clearfix\" style=\"display:block; height:auto;\">\n\t\t\n<style>\n#gap-2140032196 {\n  padding-top: 70px;\n}\n<\/style>\n\t<\/div>\n\t\n\n\t<section class=\"section\" id=\"section_1997250343\">\n\t\t<div class=\"section-bg fill\" >\n\t\t\t\t\t\t\t\t\t\n\t\t\t\n\n\t\t<\/div>\n\n\t\t\n\n\t\t<div class=\"section-content relative\">\n\t\t\t\n<div class=\"row align-center\"  id=\"row-1989801570\">\n\n\t<div id=\"col-646655660\" class=\"col small-12 large-12\"  >\n\t\t\t\t<div class=\"col-inner\"  >\n\t\t\t\n\t\t\t\n\t<div id=\"text-2572990624\" class=\"text\">\n\t\t\n<h2><span style=\"font-size: 120%;\">Les meilleures organisations du monde nous font confiance pour leurs affichages de bandes<\/span><\/h2>\n\t\t\n<style>\n#text-2572990624 {\n  text-align: center;\n}\n<\/style>\n\t<\/div>\n\t\n\t\t<\/div>\n\t\t\t\t\t<\/div>\n\n\t\n\n\t<div id=\"col-60999825\" class=\"col small-12 large-12\"  >\n\t\t\t\t<div class=\"col-inner\"  >\n\t\t\t\n\t\t\t\n\n  \n    <div class=\"row large-columns-5 medium-columns-3 small-columns-2\" >\n  <div class=\"gallery-col col\" >\n          <div class=\"col-inner\">\n                        <div class=\"box has-hover gallery-box box-none\">\n              <div class=\"box-image\" >\n                <img loading=\"lazy\" decoding=\"async\" width=\"175\" height=\"130\" src=\"https:\/\/i0.wp.com\/rinkboards.com\/wp-content\/uploads\/2022\/06\/NHL-logo-1.png?fit=175%2C130&amp;ssl=1\" class=\"attachment-medium size-medium\" alt=\"\" ids=\"5260,5288,5286,5284,5278,5270,5272,5274,5276,5262,5264,5268,5280,5266,5282\" style=\"none\" lightbox=\"false\" columns=\"5\" title=\"\">                                                              <\/div>\n              <div class=\"box-text text-left\" >\n                 <p><\/p>\n              <\/div>\n            <\/div>\n                      <\/div>\n         <\/div><div class=\"gallery-col col\" >\n          <div class=\"col-inner\">\n                        <div class=\"box has-hover gallery-box box-none\">\n              <div class=\"box-image\" >\n                <img loading=\"lazy\" decoding=\"async\" width=\"175\" height=\"130\" src=\"https:\/\/i0.wp.com\/rinkboards.com\/wp-content\/uploads\/2022\/06\/American-hockey-league-ahl.png?fit=175%2C130&amp;ssl=1\" class=\"attachment-medium size-medium\" alt=\"\" ids=\"5260,5288,5286,5284,5278,5270,5272,5274,5276,5262,5264,5268,5280,5266,5282\" style=\"none\" lightbox=\"false\" columns=\"5\" title=\"\">                                                              <\/div>\n              <div class=\"box-text text-left\" >\n                 <p><\/p>\n              <\/div>\n            <\/div>\n                      <\/div>\n         <\/div><div class=\"gallery-col col\" >\n          <div class=\"col-inner\">\n                        <div class=\"box has-hover gallery-box box-none\">\n              <div class=\"box-image\" >\n                <img loading=\"lazy\" decoding=\"async\" width=\"175\" height=\"130\" src=\"https:\/\/i0.wp.com\/rinkboards.com\/wp-content\/uploads\/2022\/06\/Canadian-hockey-league-chl.png?fit=175%2C130&amp;ssl=1\" class=\"attachment-medium size-medium\" alt=\"\" ids=\"5260,5288,5286,5284,5278,5270,5272,5274,5276,5262,5264,5268,5280,5266,5282\" style=\"none\" lightbox=\"false\" columns=\"5\" title=\"\">                                                              <\/div>\n              <div class=\"box-text text-left\" >\n                 <p><\/p>\n              <\/div>\n            <\/div>\n                      <\/div>\n         <\/div><div class=\"gallery-col col\" >\n          <div class=\"col-inner\">\n                        <div class=\"box has-hover gallery-box box-none\">\n              <div class=\"box-image\" >\n                <img loading=\"lazy\" decoding=\"async\" width=\"175\" height=\"130\" src=\"https:\/\/i0.wp.com\/rinkboards.com\/wp-content\/uploads\/2022\/06\/Ontario-Hockey-League-1.png?fit=175%2C130&amp;ssl=1\" class=\"attachment-medium size-medium\" alt=\"\" ids=\"5260,5288,5286,5284,5278,5270,5272,5274,5276,5262,5264,5268,5280,5266,5282\" style=\"none\" lightbox=\"false\" columns=\"5\" title=\"\">                                                              <\/div>\n              <div class=\"box-text text-left\" >\n                 <p><\/p>\n              <\/div>\n            <\/div>\n                      <\/div>\n         <\/div><div class=\"gallery-col col\" >\n          <div class=\"col-inner\">\n                        <div class=\"box has-hover gallery-box box-none\">\n              <div class=\"box-image\" >\n                <img loading=\"lazy\" decoding=\"async\" width=\"175\" height=\"130\" src=\"https:\/\/i0.wp.com\/rinkboards.com\/wp-content\/uploads\/2022\/06\/2010-Canada-National-Hockey-Team-1.png?fit=175%2C130&amp;ssl=1\" class=\"attachment-medium size-medium\" alt=\"\" ids=\"5260,5288,5286,5284,5278,5270,5272,5274,5276,5262,5264,5268,5280,5266,5282\" style=\"none\" lightbox=\"false\" columns=\"5\" title=\"\">                                                              <\/div>\n              <div class=\"box-text text-left\" >\n                 <p><\/p>\n              <\/div>\n            <\/div>\n                      <\/div>\n         <\/div><div class=\"gallery-col col\" >\n          <div class=\"col-inner\">\n                        <div class=\"box has-hover gallery-box box-none\">\n              <div class=\"box-image\" >\n                <img loading=\"lazy\" decoding=\"async\" width=\"175\" height=\"130\" src=\"https:\/\/i0.wp.com\/rinkboards.com\/wp-content\/uploads\/2022\/06\/Labatt-coupe-Canada-1.png?fit=175%2C130&amp;ssl=1\" class=\"attachment-medium size-medium\" alt=\"\" ids=\"5260,5288,5286,5284,5278,5270,5272,5274,5276,5262,5264,5268,5280,5266,5282\" style=\"none\" lightbox=\"false\" columns=\"5\" title=\"\">                                                              <\/div>\n              <div class=\"box-text text-left\" >\n                 <p><\/p>\n              <\/div>\n            <\/div>\n                      <\/div>\n         <\/div><div class=\"gallery-col col\" >\n          <div class=\"col-inner\">\n                        <div class=\"box has-hover gallery-box box-none\">\n              <div class=\"box-image\" >\n                <img loading=\"lazy\" decoding=\"async\" width=\"175\" height=\"130\" src=\"https:\/\/i0.wp.com\/rinkboards.com\/wp-content\/uploads\/2022\/06\/ISU-vector-1.png?fit=175%2C130&amp;ssl=1\" class=\"attachment-medium size-medium\" alt=\"\" ids=\"5260,5288,5286,5284,5278,5270,5272,5274,5276,5262,5264,5268,5280,5266,5282\" style=\"none\" lightbox=\"false\" columns=\"5\" title=\"\">                                                              <\/div>\n              <div class=\"box-text text-left\" >\n                 <p><\/p>\n              <\/div>\n            <\/div>\n                      <\/div>\n         <\/div><div class=\"gallery-col col\" >\n          <div class=\"col-inner\">\n                        <div class=\"box has-hover gallery-box box-none\">\n              <div class=\"box-image\" >\n                <img loading=\"lazy\" decoding=\"async\" width=\"175\" height=\"130\" src=\"https:\/\/i0.wp.com\/rinkboards.com\/wp-content\/uploads\/2022\/06\/Coupe-du-Monde-Hockey-2016-1.png?fit=175%2C130&amp;ssl=1\" class=\"attachment-medium size-medium\" alt=\"\" ids=\"5260,5288,5286,5284,5278,5270,5272,5274,5276,5262,5264,5268,5280,5266,5282\" style=\"none\" lightbox=\"false\" columns=\"5\" title=\"\">                                                              <\/div>\n              <div class=\"box-text text-left\" >\n                 <p><\/p>\n              <\/div>\n            <\/div>\n                      <\/div>\n         <\/div><div class=\"gallery-col col\" >\n          <div class=\"col-inner\">\n                        <div class=\"box has-hover gallery-box box-none\">\n              <div class=\"box-image\" >\n                <img loading=\"lazy\" decoding=\"async\" width=\"175\" height=\"130\" src=\"https:\/\/i0.wp.com\/rinkboards.com\/wp-content\/uploads\/2022\/06\/Canada-hockey-association.png?fit=175%2C130&amp;ssl=1\" class=\"attachment-medium size-medium\" alt=\"\" ids=\"5260,5288,5286,5284,5278,5270,5272,5274,5276,5262,5264,5268,5280,5266,5282\" style=\"none\" lightbox=\"false\" columns=\"5\" title=\"\">                                                              <\/div>\n              <div class=\"box-text text-left\" >\n                 <p><\/p>\n              <\/div>\n            <\/div>\n                      <\/div>\n         <\/div><div class=\"gallery-col col\" >\n          <div class=\"col-inner\">\n                        <div class=\"box has-hover gallery-box box-none\">\n              <div class=\"box-image\" >\n                <img loading=\"lazy\" decoding=\"async\" width=\"175\" height=\"130\" src=\"https:\/\/i0.wp.com\/rinkboards.com\/wp-content\/uploads\/2022\/06\/Usa-Hockey-1.png?fit=175%2C130&amp;ssl=1\" class=\"attachment-medium size-medium\" alt=\"\" ids=\"5260,5288,5286,5284,5278,5270,5272,5274,5276,5262,5264,5268,5280,5266,5282\" style=\"none\" lightbox=\"false\" columns=\"5\" title=\"\">                                                              <\/div>\n              <div class=\"box-text text-left\" >\n                 <p><\/p>\n              <\/div>\n            <\/div>\n                      <\/div>\n         <\/div><div class=\"gallery-col col\" >\n          <div class=\"col-inner\">\n                        <div class=\"box has-hover gallery-box box-none\">\n              <div class=\"box-image\" >\n                <img loading=\"lazy\" decoding=\"async\" width=\"175\" height=\"130\" src=\"https:\/\/i0.wp.com\/rinkboards.com\/wp-content\/uploads\/2022\/06\/Skate-Canada-CanSkate-1.png?fit=175%2C130&amp;ssl=1\" class=\"attachment-medium size-medium\" alt=\"\" ids=\"5260,5288,5286,5284,5278,5270,5272,5274,5276,5262,5264,5268,5280,5266,5282\" style=\"none\" lightbox=\"false\" columns=\"5\" title=\"\">                                                              <\/div>\n              <div class=\"box-text text-left\" >\n                 <p><\/p>\n              <\/div>\n            <\/div>\n                      <\/div>\n         <\/div><div class=\"gallery-col col\" >\n          <div class=\"col-inner\">\n                        <div class=\"box has-hover gallery-box box-none\">\n              <div class=\"box-image\" >\n                <img loading=\"lazy\" decoding=\"async\" width=\"175\" height=\"130\" src=\"https:\/\/i0.wp.com\/rinkboards.com\/wp-content\/uploads\/2022\/06\/Olympics-2010-Vancouver-1.png?fit=175%2C130&amp;ssl=1\" class=\"attachment-medium size-medium\" alt=\"\" ids=\"5260,5288,5286,5284,5278,5270,5272,5274,5276,5262,5264,5268,5280,5266,5282\" style=\"none\" lightbox=\"false\" columns=\"5\" title=\"\">                                                              <\/div>\n              <div class=\"box-text text-left\" >\n                 <p><\/p>\n              <\/div>\n            <\/div>\n                      <\/div>\n         <\/div><div class=\"gallery-col col\" >\n          <div class=\"col-inner\">\n                        <div class=\"box has-hover gallery-box box-none\">\n              <div class=\"box-image\" >\n                <img loading=\"lazy\" decoding=\"async\" width=\"175\" height=\"130\" src=\"https:\/\/i0.wp.com\/rinkboards.com\/wp-content\/uploads\/2022\/06\/2004-World-Cup-of-Hockey-1.png?fit=175%2C130&amp;ssl=1\" class=\"attachment-medium size-medium\" alt=\"\" ids=\"5260,5288,5286,5284,5278,5270,5272,5274,5276,5262,5264,5268,5280,5266,5282\" style=\"none\" lightbox=\"false\" columns=\"5\" title=\"\">                                                              <\/div>\n              <div class=\"box-text text-left\" >\n                 <p><\/p>\n              <\/div>\n            <\/div>\n                      <\/div>\n         <\/div><div class=\"gallery-col col\" >\n          <div class=\"col-inner\">\n                        <div class=\"box has-hover gallery-box box-none\">\n              <div class=\"box-image\" >\n                <img loading=\"lazy\" decoding=\"async\" width=\"175\" height=\"130\" src=\"https:\/\/i0.wp.com\/rinkboards.com\/wp-content\/uploads\/2022\/06\/Salt-Lake-2002-1.png?fit=175%2C130&amp;ssl=1\" class=\"attachment-medium size-medium\" alt=\"\" ids=\"5260,5288,5286,5284,5278,5270,5272,5274,5276,5262,5264,5268,5280,5266,5282\" style=\"none\" lightbox=\"false\" columns=\"5\" title=\"\">                                                              <\/div>\n              <div class=\"box-text text-left\" >\n                 <p><\/p>\n              <\/div>\n            <\/div>\n                      <\/div>\n         <\/div><div class=\"gallery-col col\" >\n          <div class=\"col-inner\">\n                        <div class=\"box has-hover gallery-box box-none\">\n              <div class=\"box-image\" >\n                <img loading=\"lazy\" decoding=\"async\" width=\"175\" height=\"130\" src=\"https:\/\/i0.wp.com\/rinkboards.com\/wp-content\/uploads\/2022\/06\/1981-Canada-Cup-1.png?fit=175%2C130&amp;ssl=1\" class=\"attachment-medium size-medium\" alt=\"\" ids=\"5260,5288,5286,5284,5278,5270,5272,5274,5276,5262,5264,5268,5280,5266,5282\" style=\"none\" lightbox=\"false\" columns=\"5\" title=\"\">                                                              <\/div>\n              <div class=\"box-text text-left\" >\n                 <p><\/p>\n              <\/div>\n            <\/div>\n                      <\/div>\n         <\/div><\/div>\n\t\t<\/div>\n\t\t\t\t\t<\/div>\n\n\t\n<\/div>\n\t\t<\/div>\n\n\t\t\n<style>\n#section_1997250343 {\n  padding-top: 30px;\n  padding-bottom: 30px;\n}\n<\/style>\n\t<\/section>\n\t\n\n\t<section class=\"section\" id=\"section_1686157297\">\n\t\t<div class=\"section-bg fill\" >\n\t\t\t\t\t\t\t\t\t\n\t\t\t\n\n\t\t<\/div>\n\n\t\t\n\n\t\t<div class=\"section-content relative\">\n\t\t\t\n\n<div class=\"row row-collapse row-full-width align-middle align-center\"  id=\"row-934034744\">\n\n\n\t<div id=\"col-677130825\" class=\"col medium-6 small-12 large-6 small-col-first\"  >\n\t\t\t\t<div class=\"col-inner\"  >\n\t\t\t\n\t\t\t\n\n<h2><span style=\"font-size: 120%;\">Nous offrons une int\u00e9gration verticale totale de toutes les solutions de signalisation dans les stades<\/span><\/h2>\n<p>En plus de vos Rinkboards\u2122, nous fabriquons et installons des murales de vinyle, de l\u2019affichage directionnel au sol, des banni\u00e8res ext\u00e9rieures et int\u00e9rieures, de l\u2019habillage de vitrine, et des lettrages de v\u00e9hicules.<\/p>\n<a href=\"\/fr\/nos-produits\/affichage-grand-format\/\" class=\"button secondary\" >\n\t\t<span>Faites-vous remarquer !<\/span>\n\t<i class=\"icon-angle-right\" aria-hidden=\"true\"><\/i><\/a>\n\n\n\n\t\t<\/div>\n\t\t\t\t\n<style>\n#col-677130825 > .col-inner {\n  padding: 0px 20px 0px 20px;\n  margin: 0px 0px 0px 0px;\n}\n@media (min-width:550px) {\n  #col-677130825 > .col-inner {\n    padding: 0px 50px 0px 100px;\n  }\n}\n<\/style>\n\t<\/div>\n\n\t\n\n\t<div id=\"col-1817241221\" class=\"col medium-6 small-12 large-6 small-col-first\"  >\n\t\t\t\t<div class=\"col-inner\"  >\n\t\t\t\n\t\t\t\n\n\t<div class=\"img has-hover x md-x lg-x y md-y lg-y\" id=\"image_814330459\">\n\t\t<a class=\"\" href=\"\/fr\/nos-produits\/affichage-grand-format\/\" >\t\t\t\t\t\t<div class=\"img-inner dark\" >\n\t\t\t<img loading=\"lazy\" decoding=\"async\" width=\"1000\" height=\"838\" src=\"https:\/\/i0.wp.com\/rinkboards.com\/wp-content\/uploads\/2022\/06\/Rinkboards-Winnipeg-Jets-Wrap.png?fit=1000%2C838&amp;ssl=1\" class=\"attachment-large size-large\" alt=\"\" srcset=\"https:\/\/i0.wp.com\/rinkboards.com\/wp-content\/uploads\/2022\/06\/Rinkboards-Winnipeg-Jets-Wrap.png?w=1000&amp;ssl=1 1000w, https:\/\/i0.wp.com\/rinkboards.com\/wp-content\/uploads\/2022\/06\/Rinkboards-Winnipeg-Jets-Wrap.png?resize=300%2C251&amp;ssl=1 300w, https:\/\/i0.wp.com\/rinkboards.com\/wp-content\/uploads\/2022\/06\/Rinkboards-Winnipeg-Jets-Wrap.png?resize=768%2C644&amp;ssl=1 768w\" sizes=\"auto, (max-width: 1000px) 100vw, 1000px\" title=\"\">\t\t\t\t\t\t\n\t\t\t\t\t<\/div>\n\t\t\t\t\t\t<\/a>\t\t\n<style>\n#image_814330459 {\n  width: 100%;\n}\n<\/style>\n\t<\/div>\n\t\n\n\n\t\t<\/div>\n\t\t\t\t\n<style>\n#col-1817241221 > .col-inner {\n  padding: 0px 0px 25px 0px;\n}\n<\/style>\n\t<\/div>\n\n\t\n\n<\/div>\n\n\t\t<\/div>\n\n\t\t\n<style>\n#section_1686157297 {\n  padding-top: 30px;\n  padding-bottom: 30px;\n}\n<\/style>\n\t<\/section>\n\t\n","protected":false},"excerpt":{"rendered":"","protected":false},"author":3,"featured_media":0,"parent":0,"menu_order":0,"comment_status":"closed","ping_status":"closed","template":"page-transparent-header-light.php","meta":{"inline_featured_image":false,"footnotes":""},"class_list":["post-104","page","type-page","status-publish","hentry"],"jetpack_sharing_enabled":true,"_links":{"self":[{"href":"https:\/\/rinkboards.com\/fr\/wp-json\/wp\/v2\/pages\/104","targetHints":{"allow":["GET"]}}],"collection":[{"href":"https:\/\/rinkboards.com\/fr\/wp-json\/wp\/v2\/pages"}],"about":[{"href":"https:\/\/rinkboards.com\/fr\/wp-json\/wp\/v2\/types\/page"}],"author":[{"embeddable":true,"href":"https:\/\/rinkboards.com\/fr\/wp-json\/wp\/v2\/users\/3"}],"replies":[{"embeddable":true,"href":"https:\/\/rinkboards.com\/fr\/wp-json\/wp\/v2\/comments?post=104"}],"version-history":[{"count":225,"href":"https:\/\/rinkboards.com\/fr\/wp-json\/wp\/v2\/pages\/104\/revisions"}],"predecessor-version":[{"id":5839,"href":"https:\/\/rinkboards.com\/fr\/wp-json\/wp\/v2\/pages\/104\/revisions\/5839"}],"wp:attachment":[{"href":"https:\/\/rinkboards.com\/fr\/wp-json\/wp\/v2\/media?parent=104"}],"curies":[{"name":"wp","href":"https:\/\/api.w.org\/{rel}","templated":true}]}}