{"id":24,"date":"2020-10-20T11:15:57","date_gmt":"2020-10-20T15:15:57","guid":{"rendered":"http:\/\/54.39.202.149\/~rinkboardsdev\/?page_id=24"},"modified":"2022-10-20T22:13:18","modified_gmt":"2022-10-21T02:13:18","slug":"nos-produits","status":"publish","type":"page","link":"https:\/\/rinkboards.com\/fr\/nos-produits\/","title":{"rendered":"Nos produits"},"content":{"rendered":"\n\t<section class=\"section dark has-parallax\" id=\"section_441028558\">\n\t\t<div class=\"section-bg fill\" data-parallax-container=\".section\" data-parallax-background data-parallax=\"-2\">\n\t\t\t<img data-recalc-dims=\"1\" loading=\"lazy\" decoding=\"async\" width=\"1020\" height=\"398\" src=\"https:\/\/i0.wp.com\/rinkboards.com\/wp-content\/uploads\/2022\/06\/Arena-products-NHL-Stanley-Cup.jpg?resize=1020%2C398&#038;ssl=1\" class=\"bg attachment-original size-original\" alt=\"\" title=\"\">\t\t\t\t\t\t<div class=\"section-bg-overlay absolute fill\"><\/div>\n\t\t\t\n\n\t\t<\/div>\n\n\t\t\n\t<div class=\"ux-shape-divider ux-shape-divider--bottom ux-shape-divider--style-tilt\">\n\t\t<svg viewBox=\"0 0 1000 100\" xmlns=\"http:\/\/www.w3.org\/2000\/svg\" preserveAspectRatio=\"none\">\n\t<path class=\"ux-shape-fill\" d=\"M1000 100V0L-40 100H1000Z\"\/>\n<\/svg>\n\t<\/div>\n\n\t\t<div class=\"section-content relative\">\n\t\t\t\n<div class=\"row align-middle align-center\"  id=\"row-61105338\">\n\n\t<div id=\"col-135448171\" class=\"col medium-10 small-11 large-10\"  >\n\t\t\t\t<div class=\"col-inner text-center\"  >\n\t\t\t\n\t\t\t\n<h1><span style=\"font-size: 180%;\">AFFICHAGE D\u2019AR\u00c9NA<\/span><\/h1>\n<p><span style=\"font-size: 120%;\">Saisissez l&rsquo;occasion de transmettre le message de votre marque et confiez-nous vos besoins en mati\u00e8re d\u2019affichage promotionnel.<\/span><\/p>\n\t\t<\/div>\n\t\t\t\t\n<style>\n#col-135448171 > .col-inner {\n  padding: 10px 25px 0px 30px;\n}\n@media (min-width:550px) {\n  #col-135448171 > .col-inner {\n    padding: 0px 0px 0px 45px;\n  }\n}\n<\/style>\n\t<\/div>\n\n\t\n\n<style>\n#row-61105338 > .col > .col-inner {\n  padding: 200px 0px 20px 0px;\n}\n<\/style>\n<\/div>\n\t\t<\/div>\n\n\t\t\n<style>\n#section_441028558 {\n  padding-top: 30px;\n  padding-bottom: 30px;\n  min-height: 400px;\n  background-color: rgb(40, 40, 40);\n}\n#section_441028558 .section-bg-overlay {\n  background-color: rgba(0, 0, 0, 0.65);\n}\n#section_441028558 .ux-shape-divider--bottom svg {\n  height: 100px;\n  --divider-width: 200%;\n}\n@media (min-width:550px) {\n  #section_441028558 {\n    min-height: 650px;\n  }\n  #section_441028558 .ux-shape-divider--bottom svg {\n    --divider-width: 125%;\n  }\n}\n<\/style>\n\t<\/section>\n\t\n\n\t<section class=\"section\" id=\"section_684155354\">\n\t\t<div class=\"section-bg fill\" >\n\t\t\t\t\t\t\t\t\t\n\t\t\t\n\n\t\t<\/div>\n\n\t\t\n\n\t\t<div class=\"section-content relative\">\n\t\t\t\n<div class=\"row row-collapse row-full-width align-middle align-center\"  id=\"row-1350637557\">\n\n\t<div id=\"col-640554813\" class=\"col medium-6 small-12 large-6\"  >\n\t\t\t\t<div class=\"col-inner text-left\"  >\n\t\t\t\n\t\t\t\n<h2><span style=\"font-size: 120%;\">Rinkboards\u2122<\/span><\/h2>\n<p>Nous offrons une proposition compl\u00e8te cl\u00e9 en main, de la production \u00e0 l&rsquo;installation, y compris les services de maintenance pour votre programme de publicit\u00e9 sur vos affichages de bande, avec un r\u00e9seau de plus de 40 \u00e9quipes professionnelles exp\u00e9riment\u00e9es en Am\u00e9rique du Nord, en Europe et en Asie.<\/p>\n<a href=\"\/fr\/nos-produits\/rinkboards\/\" class=\"button secondary\" >\n\t\t<span>En savoir plus<\/span>\n\t<i class=\"icon-angle-right\" aria-hidden=\"true\"><\/i><\/a>\n\n\t\t<\/div>\n\t\t\t\t\n<style>\n#col-640554813 > .col-inner {\n  padding: 0px 20px 0px 20px;\n}\n@media (min-width:550px) {\n  #col-640554813 > .col-inner {\n    padding: 0px 100px 0px 100px;\n  }\n}\n<\/style>\n\t<\/div>\n\n\t\n\n\t<div id=\"col-1956520806\" class=\"col medium-6 small-12 large-6\"  >\n\t\t\t\t<div class=\"col-inner\"  >\n\t\t\t\n\t\t\t\n\t<div class=\"img has-hover x md-x lg-x y md-y lg-y\" id=\"image_2095046935\">\n\t\t<a class=\"\" href=\"\/fr\/nos-produits\/rinkboards\/\" >\t\t\t\t\t\t<div class=\"img-inner dark\" >\n\t\t\t<img data-recalc-dims=\"1\" loading=\"lazy\" decoding=\"async\" width=\"900\" height=\"603\" src=\"https:\/\/i0.wp.com\/rinkboards.com\/wp-content\/uploads\/2022\/06\/Ford-Drills-and-Skills-2016.png?resize=900%2C603&#038;ssl=1\" class=\"attachment-original size-original\" alt=\"\" srcset=\"https:\/\/i0.wp.com\/rinkboards.com\/wp-content\/uploads\/2022\/06\/Ford-Drills-and-Skills-2016.png?w=900&amp;ssl=1 900w, https:\/\/i0.wp.com\/rinkboards.com\/wp-content\/uploads\/2022\/06\/Ford-Drills-and-Skills-2016.png?resize=300%2C201&amp;ssl=1 300w, https:\/\/i0.wp.com\/rinkboards.com\/wp-content\/uploads\/2022\/06\/Ford-Drills-and-Skills-2016.png?resize=768%2C515&amp;ssl=1 768w\" sizes=\"auto, (max-width: 900px) 100vw, 900px\" title=\"\">\t\t\t\t\t\t\n\t\t\t\t\t<\/div>\n\t\t\t\t\t\t<\/a>\t\t\n<style>\n#image_2095046935 {\n  width: 100%;\n}\n<\/style>\n\t<\/div>\n\t\n\t\t<\/div>\n\t\t\t\t\n<style>\n#col-1956520806 > .col-inner {\n  padding: 0px 0px 30px 0px;\n}\n<\/style>\n\t<\/div>\n\n\t\n<\/div>\n\t<div id=\"gap-2081059970\" class=\"gap-element clearfix\" style=\"display:block; height:auto;\">\n\t\t\n<style>\n#gap-2081059970 {\n  padding-top: 60px;\n}\n<\/style>\n\t<\/div>\n\t\n<div class=\"row row-collapse row-full-width align-middle align-center\"  id=\"row-696648432\">\n\n\t<div id=\"col-1989974471\" class=\"col medium-6 small-12 large-6\"  >\n\t\t\t\t<div class=\"col-inner\"  >\n\t\t\t\n\t\t\t\n<h2><span style=\"font-size: 120%;\">Affichage grand format<\/span><\/h2>\n<p>En plus de vos Rinkboards\u2122, nous proposons une int\u00e9gration verticale totale de toutes les solutions d&rsquo;affichage en ar\u00e9na. Nous fabriquons et installons des murales, des autocollants de sol, des banni\u00e8res ext\u00e9rieures et int\u00e9rieures, des habillages de fen\u00eatre et des lettrages de voitures.<\/p>\n<a href=\"\/fr\/nos-produits\/affichage-grand-format\/\" class=\"button secondary\" >\n\t\t<span>En savoir plus<\/span>\n\t<i class=\"icon-angle-right\" aria-hidden=\"true\"><\/i><\/a>\n\n\t\t<\/div>\n\t\t\t\t\n<style>\n#col-1989974471 > .col-inner {\n  padding: 0px 20px 0px 20px;\n}\n@media (min-width:550px) {\n  #col-1989974471 > .col-inner {\n    padding: 0px 100px 0px 100px;\n  }\n}\n<\/style>\n\t<\/div>\n\n\t\n\n\t<div id=\"col-451741417\" class=\"col medium-6 small-12 large-6\"  >\n\t\t\t\t<div class=\"col-inner\"  >\n\t\t\t\n\t\t\t\n\t<div class=\"img has-hover x md-x lg-x y md-y lg-y\" id=\"image_245842231\">\n\t\t<a class=\"\" href=\"\/fr\/nos-produits\/affichage-grand-format\/\" >\t\t\t\t\t\t<div class=\"img-inner dark\" >\n\t\t\t<img data-recalc-dims=\"1\" loading=\"lazy\" decoding=\"async\" width=\"900\" height=\"603\" src=\"https:\/\/i0.wp.com\/rinkboards.com\/wp-content\/uploads\/2022\/06\/Sport-Manitoba-Fitness-Center.png?resize=900%2C603&#038;ssl=1\" class=\"attachment-original size-original\" alt=\"\" srcset=\"https:\/\/i0.wp.com\/rinkboards.com\/wp-content\/uploads\/2022\/06\/Sport-Manitoba-Fitness-Center.png?w=900&amp;ssl=1 900w, https:\/\/i0.wp.com\/rinkboards.com\/wp-content\/uploads\/2022\/06\/Sport-Manitoba-Fitness-Center.png?resize=300%2C201&amp;ssl=1 300w, https:\/\/i0.wp.com\/rinkboards.com\/wp-content\/uploads\/2022\/06\/Sport-Manitoba-Fitness-Center.png?resize=768%2C515&amp;ssl=1 768w\" sizes=\"auto, (max-width: 900px) 100vw, 900px\" title=\"\">\t\t\t\t\t\t\n\t\t\t\t\t<\/div>\n\t\t\t\t\t\t<\/a>\t\t\n<style>\n#image_245842231 {\n  width: 100%;\n}\n<\/style>\n\t<\/div>\n\t\n\t\t<\/div>\n\t\t\t\t\n<style>\n#col-451741417 > .col-inner {\n  padding: 0px 0px 30px 0px;\n}\n<\/style>\n\t<\/div>\n\n\t\n<\/div>\n\t\t<\/div>\n\n\t\t\n<style>\n#section_684155354 {\n  padding-top: 30px;\n  padding-bottom: 30px;\n}\n<\/style>\n\t<\/section>\n\t\n","protected":false},"excerpt":{"rendered":"","protected":false},"author":3,"featured_media":0,"parent":0,"menu_order":0,"comment_status":"closed","ping_status":"closed","template":"page-transparent-header-light.php","meta":{"inline_featured_image":false,"footnotes":""},"class_list":["post-24","page","type-page","status-publish","hentry"],"jetpack_sharing_enabled":true,"_links":{"self":[{"href":"https:\/\/rinkboards.com\/fr\/wp-json\/wp\/v2\/pages\/24","targetHints":{"allow":["GET"]}}],"collection":[{"href":"https:\/\/rinkboards.com\/fr\/wp-json\/wp\/v2\/pages"}],"about":[{"href":"https:\/\/rinkboards.com\/fr\/wp-json\/wp\/v2\/types\/page"}],"author":[{"embeddable":true,"href":"https:\/\/rinkboards.com\/fr\/wp-json\/wp\/v2\/users\/3"}],"replies":[{"embeddable":true,"href":"https:\/\/rinkboards.com\/fr\/wp-json\/wp\/v2\/comments?post=24"}],"version-history":[{"count":39,"href":"https:\/\/rinkboards.com\/fr\/wp-json\/wp\/v2\/pages\/24\/revisions"}],"predecessor-version":[{"id":5823,"href":"https:\/\/rinkboards.com\/fr\/wp-json\/wp\/v2\/pages\/24\/revisions\/5823"}],"wp:attachment":[{"href":"https:\/\/rinkboards.com\/fr\/wp-json\/wp\/v2\/media?parent=24"}],"curies":[{"name":"wp","href":"https:\/\/api.w.org\/{rel}","templated":true}]}}