{"id":3,"date":"2020-10-15T20:40:16","date_gmt":"2020-10-15T18:40:16","guid":{"rendered":"http:\/\/54.39.202.149\/~rinkboardsdev\/?page_id=3"},"modified":"2024-09-23T13:59:14","modified_gmt":"2024-09-23T17:59:14","slug":"normes-de-confidentialites","status":"publish","type":"page","link":"https:\/\/rinkboards.com\/fr\/normes-de-confidentialites\/","title":{"rendered":"Politique de confidentialit\u00e9 et de la protection de la vie priv\u00e9e"},"content":{"rendered":"\n\t<section class=\"section\" id=\"section_149379918\">\n\t\t<div class=\"section-bg fill\" >\n\t\t\t\t\t\t\t\t\t\n\t\t\t\n\t<div class=\"is-border\"\n\t\tstyle=\"border-color:rgb(255, 106, 19);border-width:10px 0px 0px 0px;\">\n\t<\/div>\n\n\t\t<\/div>\n\n\t\t\n\n\t\t<div class=\"section-content relative\">\n\t\t\t\n<div class=\"row align-center\"  id=\"row-1186255165\">\n\n\t<div id=\"col-180698744\" class=\"col medium-8 small-10 large-11\"  >\n\t\t\t\t<div class=\"col-inner text-center\"  >\n\t\t\t\n\t\t\t\n<h1 style=\"font-size: 250%;\">Politique de confidentialit\u00e9 et de la protection de la vie priv\u00e9e<\/h1>\n<p><span style=\"font-weight: 400;\">Groupe Canva, \u00ab nous \u00bb, \u00ab notre \u00bb reconna\u00eet l\u2019importance de prot\u00e9ger vos renseignements personnels. Notre politique de confidentialit\u00e9 (la \u00ab Politique \u00bb) vise \u00e0 d\u00e9crire comment nous recueillons, utilisons et communiquons vos renseignements personnels lorsque vous utilisez notre site Internet, et quels sont vos droits \u00e0 cet \u00e9gard.<\/span><\/p>\n<p><span style=\"font-weight: 400;\">Si vous consultez un site Internet de tiers, celui-ci disposera de ses propres politiques que nous vous invitons \u00e0 consulter avant de soumettre vos renseignements personnels, le cas \u00e9ch\u00e9ant.<\/span><\/p>\n\t\t<\/div>\n\t\t\t\t\n<style>\n#col-180698744 > .col-inner {\n  margin: 0px 0px -60px 0px;\n}\n<\/style>\n\t<\/div>\n\n\t\n<\/div>\n\t\t<\/div>\n\n\t\t\n<style>\n#section_149379918 {\n  padding-top: 100px;\n  padding-bottom: 100px;\n  background-color: rgb(246, 246, 246);\n}\n<\/style>\n\t<\/section>\n\t\n<div class=\"row\"  id=\"row-365643856\">\n\n\t<div id=\"col-1096628141\" class=\"col small-12 large-12\"  >\n\t\t\t\t<div class=\"col-inner\"  >\n\t\t\t\n\t\t\t\n<h2><strong>Renseignements personnels<\/strong><\/h2>\n<h3><b>Qu\u2019est-ce qu\u2019un \u00ab renseignement personnel \u00bb ?<\/b><\/h3>\n<p><span style=\"font-weight: 400;\">L\u2019expression \u00ab renseignement personnel \u00bb d\u00e9signe tout renseignement qui concerne une personne physique et permet, directement ou indirectement, de l\u2019identifier. Il pourrait s\u2019agir de votre nom, adresse courriel, num\u00e9ro de t\u00e9l\u00e9phone, date de naissance et informations financi\u00e8res (y compris les informations bancaires et relatives aux cartes de cr\u00e9dit).<\/span><\/p>\n<p><span style=\"font-weight: 400;\">Quant \u00e0 vos coordonn\u00e9es d\u2019affaires, telles que votre titre, adresse courriel, adresse professionnelle ou num\u00e9ro de t\u00e9l\u00e9phone, elles constituent un renseignement personnel \u00e0 caract\u00e8re public.<\/span><\/p>\n<h3><b>Quels renseignements personnels recueillons-nous ?<\/b><\/h3>\n<p><span style=\"font-weight: 400;\">Lorsque vous utilisez notre site Internet, nous pouvons recueillir vos renseignements personnels suivants :<\/span><\/p>\n<ul>\n<li style=\"font-weight: 400;\" aria-level=\"1\"><span style=\"font-weight: 400;\">Vos coordonn\u00e9es personnelles, telles que votre nom, adresse, courriel et num\u00e9ro de t\u00e9l\u00e9phone ;<\/span><\/li>\n<li style=\"font-weight: 400;\" aria-level=\"1\"><span style=\"font-weight: 400;\">Des renseignements relatifs au recrutement, tels que votre curriculum vitae.<\/span><\/li>\n<\/ul>\n<p><span style=\"font-weight: 400;\">Dans tous les cas, nous nous effor\u00e7ons de limiter la quantit\u00e9 de renseignements personnels que nous recueillons \u00e0 ce qui est strictement n\u00e9cessaire aux fins d\u00e9crites dans la section \u00ab<\/span><a href=\"https:\/\/delegatus.ca\/fr\/politique-de-confidentialite\/#a-quelles-fins-utilisons-nous-vos-renseignements-personnels\" target=\"_blank\" rel=\"noopener\"><i><span style=\"font-weight: 400;\"> \u00c0 quelles fins utilisons-nous vos renseignements personnels ?<\/span><\/i><\/a><span style=\"font-weight: 400;\"> \u00bb. Nous ne recueillons pas sciemment de renseignements personnels aupr\u00e8s de personnes mineures.<\/span><\/p>\n<p><span style=\"font-weight: 400;\">\u00a0<\/span><\/p>\n<p><span style=\"font-weight: 400;\">Lorsque vous naviguez sur notre site Internet, nous recueillons certains renseignements par l\u2019entremise de fichiers t\u00e9moins et autres technologies de suivi (collectivement, des \u00ab cookies \u00bb).<\/span><\/p>\n<p><span style=\"font-weight: 400;\">Les cookies sont de petits fichiers texte contenant un num\u00e9ro d&rsquo;identification unique qui sont automatiquement d\u00e9pos\u00e9s sur l&rsquo;ordinateur d&rsquo;un visiteur. Les cookies par session suivent les informations pendant une session ouverte et ne sont stock\u00e9s que temporairement dans la m\u00e9moire de votre ordinateur. Les cookies persistants sont d\u00e9pos\u00e9s sur l&rsquo;ordinateur d&rsquo;un visiteur jusqu&rsquo;\u00e0 ce qu&rsquo;ils expirent ou que le visiteur les supprime.<\/span><\/p>\n<p><span style=\"font-weight: 400;\">Les cookies que nous utilisons ne recueillent pas de renseignements vous identifiant personnellement, mais plut\u00f4t des renseignements g\u00e9n\u00e9raux que nous ne combinons pas avec vos renseignements personnels.<\/span><\/p>\n<p><span style=\"font-weight: 400;\">Nous utilisons des cookies essentiels et fonctionnels afin de vous permettre de naviguer sur notre site Internet, d\u2019utiliser ses fonctionnalit\u00e9s et de personnaliser votre navigation selon vos pr\u00e9f\u00e9rences (par exemple, selon votre pr\u00e9f\u00e9rence de langue). Vous pouvez consentir ou non \u00e0 l\u2019activation de certains de ces cookies fonctionnels lors de votre connexion \u00e0 notre site. Toutefois, si vous refusez ces cookies, il est possible que votre navigation en soit affect\u00e9e.<\/span><\/p>\n<p><span style=\"font-weight: 400;\">Nous utilisons \u00e9galement Google Analytics, afin de recueillir de l\u2019information concernant votre utilisation de notre site Internet (par exemple, les pages que vous consultez le plus souvent, et les messages d\u2019erreur que vous pourriez recevoir). Ces renseignements sont anonymes et nous les utilisons uniquement afin d\u2019am\u00e9liorer l\u2019efficacit\u00e9 et le fonctionnement de notre site Internet. Vous pouvez consentir ou non \u00e0 l\u2019activation de ces cookies lors de votre connexion \u00e0 notre site.\u00a0\u00a0<\/span><\/p>\n<p><span style=\"font-weight: 400;\">Si vous souhaitez obtenir davantage d\u2019informations sur les cookies, nous vous invitons \u00e0 consulter le site <\/span><a href=\"https:\/\/www.allaboutcookies.org\/\" target=\"_blank\" rel=\"noopener\"><span style=\"font-weight: 400;\">All About Cookies<\/span><\/a><span style=\"font-weight: 400;\"> (disponible en anglais seulement), ou \u00e0 nous contacter tel qu\u2019indiqu\u00e9 dans la section \u00ab <\/span><a href=\"https:\/\/delegatus.ca\/fr\/politique-de-confidentialite\/#comment-nous-joindre\" target=\"_blank\" rel=\"noopener\"><i><span style=\"font-weight: 400;\">Comment nous joindre ?<\/span><\/i><\/a> <span style=\"font-weight: 400;\">\u00bb.<\/span><\/p>\n<h3><b>Comment recueillons-nous vos renseignements personnels ?<\/b><\/h3>\n<p><span style=\"font-weight: 400;\">Nous recueillons vos renseignements personnels directement aupr\u00e8s de vous avec votre consentement lorsque vous communiquez avec nous ou remplissez un formulaire sur notre site Internet. Il est toutefois possible que nous recueillions vos renseignements personnels aupr\u00e8s de tiers lorsque vous y avez consenti, ou lorsque la loi nous le permet (par exemple, des organismes gouvernementaux, des institutions financi\u00e8res ou d&rsquo;autres fournisseurs de services).<\/span><\/p>\n<h3><b>Comment obtenons-nous votre consentement ?<\/b><\/h3>\n<p><span style=\"font-weight: 400;\">De mani\u00e8re g\u00e9n\u00e9rale, nous recueillons, utilisons et communiquons vos renseignements personnels qu\u2019avec votre consentement. Dans certains cas toutefois, la loi pr\u00e9voit que nous pouvons recueillir, utiliser ou communiquer vos renseignements personnels sans votre consentement (par exemple, lorsque nous sommes tenus de communiquer vos renseignements en vertu d\u2019une assignation ou d\u2019une ordonnance d\u2019un tribunal).<\/span><\/p>\n<p><span style=\"font-weight: 400;\">En communiquant avec nous, en remplissant volontairement un formulaire avec vos renseignements personnels et en naviguant sur notre site Internet, vous consentez \u00e0 la collecte, \u00e0 l\u2019utilisation et \u00e0 la communication de vos renseignements personnels conform\u00e9ment \u00e0 cette Politique. Si vous nous fournissez les renseignements personnels d\u2019un tiers, vous d\u00e9clarez d\u00e9tenir le consentement ou le pouvoir n\u00e9cessaire pour nous permettre de recueillir, utiliser et communiquer ces renseignements conform\u00e9ment \u00e0 cette Politique.<\/span><\/p>\n<p><span style=\"font-weight: 400;\">Sous r\u00e9serve de certaines restrictions juridiques ou contractuelles, vous pouvez retirer votre consentement en tout temps en nous contactant tel qu\u2019indiqu\u00e9 dans la section \u00ab <\/span><a href=\"https:\/\/delegatus.ca\/fr\/politique-de-confidentialite\/#comment-nous-joindre\" target=\"_blank\" rel=\"noopener\"><i><span style=\"font-weight: 400;\">Comment nous joindre ?<\/span><\/i><\/a><span style=\"font-weight: 400;\"> \u00bb.<\/span><\/p>\n<h3><b>\u00c0 quelles fins utilisons-nous vos renseignements personnels ?<\/b><\/h3>\n<p><span style=\"font-weight: 400;\">De mani\u00e8re g\u00e9n\u00e9rale, nous utilisons vos renseignements personnels aux fins suivantes :<\/span><\/p>\n<ul>\n<li style=\"font-weight: 400;\" aria-level=\"1\"><span style=\"font-weight: 400;\">Vous fournir nos produits ou nos services ;<\/span><\/li>\n<li style=\"font-weight: 400;\" aria-level=\"1\"><span style=\"font-weight: 400;\">Cr\u00e9er, maintenir et am\u00e9liorer nos relations d\u2019affaires avec vous ;<\/span><\/li>\n<li style=\"font-weight: 400;\" aria-level=\"1\"><span style=\"font-weight: 400;\">Recruter du personnel ;<\/span><\/li>\n<li style=\"font-weight: 400;\" aria-level=\"1\"><span style=\"font-weight: 400;\">Veiller au respect de nos obligations l\u00e9gales et r\u00e9glementaires ;<\/span><\/li>\n<li style=\"font-weight: 400;\" aria-level=\"1\"><span style=\"font-weight: 400;\">Toute autre fin qui est autoris\u00e9e par la loi ou \u00e0 laquelle vous consentez.<\/span><\/li>\n<\/ul>\n<h3><b>Avec qui partageons-nous vos renseignements personnels ?<\/b><\/h3>\n<p><span style=\"font-weight: 400;\">Vos renseignements personnels sont uniquement accessibles \u00e0 nos employ\u00e9s et mandataires dont les fonctions le requi\u00e8rent. Nous pouvons \u00e9galement partager vos renseignements personnels avec des tiers, lorsque la loi l\u2019exige, ou encore avec des fournisseurs de services (par exemple, nos fournisseurs de services d\u2019h\u00e9bergement infonuagique). Dans ce dernier cas, nous prenons les mesures n\u00e9cessaires afin de prot\u00e9ger ad\u00e9quatement vos renseignements personnels en adoptant des mesures contractuelles sp\u00e9cifiques et en limitant le partage de vos renseignements personnels.<\/span><\/p>\n<h3><b>Pendant combien de temps conservons-nous vos renseignements personnels ?<\/b><\/h3>\n<p><span style=\"font-weight: 400;\">Nous conservons vos renseignements personnels seulement pour la dur\u00e9e n\u00e9cessaire aux fins pr\u00e9vues dans la Politique et pour nous conformer \u00e0 nos obligations l\u00e9gales et r\u00e9glementaires. Apr\u00e8s ce d\u00e9lai, vos renseignements personnels seront d\u00e9truits de fa\u00e7on s\u00e9curitaire ou anonymis\u00e9s.<\/span><\/p>\n<h3><b>Comment prot\u00e9geons-nous la confidentialit\u00e9 de vos renseignements personnels ?<\/b><\/h3>\n<p><span style=\"font-weight: 400;\">Les renseignements personnels que nous recueillons sont conserv\u00e9s de mani\u00e8re confidentielle conform\u00e9ment \u00e0 la l\u00e9gislation applicable. En outre, si vous choisissez de nous transmettre des renseignements personnels par courriel ou par le biais d\u2019un formulaire disponible sur notre site Internet, nous utiliserons uniquement l&rsquo;information requise pour r\u00e9pondre \u00e0 votre message et permettre d\u2019y donner suite, en nous assurant d\u2019en pr\u00e9server la confidentialit\u00e9.<\/span><\/p>\n<p><span style=\"font-weight: 400;\">Nous prenons \u00e9galement des mesures de s\u00e9curit\u00e9 organisationnelles, techniques et physiques raisonnables afin de prot\u00e9ger vos renseignements personnels contre leur perte, vol, acc\u00e8s, utilisation et communication non autoris\u00e9s. Par exemple, nous veillons \u00e0 restreindre l\u2019acc\u00e8s \u00e0 nos bureaux et \u00e0 nos \u00e9quipements informatiques, authentification multi facteur, en plus de sensibiliser notre personnel \u00e0 la s\u00e9curit\u00e9 et \u00e0 la confidentialit\u00e9 des renseignements personnels auxquels ils ont acc\u00e8s.<\/span><\/p>\n<h3><b>\u00a0Quels sont vos droits ?<\/b><\/h3>\n<p><span style=\"font-weight: 400;\">Vous disposez des droits suivants :<\/span><\/p>\n<ul>\n<li style=\"font-weight: 400;\" aria-level=\"1\"><span style=\"font-weight: 400;\">Le droit d\u2019acc\u00e9der \u00e0 vos renseignements personnels ;<\/span><\/li>\n<li style=\"font-weight: 400;\" aria-level=\"1\"><span style=\"font-weight: 400;\">Le droit de faire rectifier vos renseignements personnels;<\/span><\/li>\n<li style=\"font-weight: 400;\" aria-level=\"1\"><span style=\"font-weight: 400;\">Dans la mesure applicable, le droit de retirer votre consentement \u00e0 l\u2019utilisation ou \u00e0 la communication de vos renseignements personnels.<\/span><\/li>\n<\/ul>\n<p><span style=\"font-weight: 400;\">Pour exercer l\u2019un ou l\u2019autre de ces droits, veuillez communiquer avec nous de la mani\u00e8re indiqu\u00e9e dans la section \u00ab <\/span><a href=\"https:\/\/delegatus.ca\/fr\/politique-de-confidentialite\/#comment-nous-joindre\" target=\"_blank\" rel=\"noopener\"><i><span style=\"font-weight: 400;\">Comment nous joindre ?<\/span><\/i><\/a><span style=\"font-weight: 400;\"> \u00bb.<\/span><\/p>\n<h3><b>Comment nous joindre ?<\/b><\/h3>\n<p><span style=\"font-weight: 400;\">Si vous souhaitez en savoir plus sur la protection de vos renseignements personnels ou souhaitez exercer vos droits ou formuler une plainte, veuillez communiquer avec Elisabeth Laforest, notre Responsable de la protection des renseignements personnels, aux coordonn\u00e9es suivantes :<\/span><\/p>\n<p><span style=\"font-weight: 400;\">Adresse: 3715 boul. Losch, St-Hubert, J3Y 5T7: elaforest@groupecanva.com<\/span><\/p>\n<h3><b>Comment mettons-nous \u00e0 jour notre Politique ?<\/b><\/h3>\n<p><span style=\"font-weight: 400;\">Notre Politique peut \u00eatre mise \u00e0 jour de temps \u00e0 autre, afin de refl\u00e9ter des changements l\u00e9gislatifs ou op\u00e9rationnels au sein de notre organisation. Quoique des avis de mise \u00e0 jour puissent \u00eatre utilis\u00e9s, l\u2019affichage de la Politique r\u00e9vis\u00e9e sera r\u00e9put\u00e9 constituer un avis suffisant. Le fait de continuer \u00e0 utiliser notre site Internet constitue une acceptation de votre part de cette Politique et de toute mise \u00e0 jour.<\/span><\/p>\n<p><span style=\"font-weight: 400;\">La date de derni\u00e8re mise \u00e0 jour de la Politique est le 26 avril 2024.<\/span><\/p>\n\t\t<\/div>\n\t\t\t\t\t<\/div>\n\n\t\n<\/div>\n","protected":false},"excerpt":{"rendered":"","protected":false},"author":3,"featured_media":0,"parent":0,"menu_order":0,"comment_status":"closed","ping_status":"open","template":"page-blank.php","meta":{"inline_featured_image":false,"footnotes":""},"class_list":["post-3","page","type-page","status-publish","hentry"],"jetpack_sharing_enabled":true,"_links":{"self":[{"href":"https:\/\/rinkboards.com\/fr\/wp-json\/wp\/v2\/pages\/3","targetHints":{"allow":["GET"]}}],"collection":[{"href":"https:\/\/rinkboards.com\/fr\/wp-json\/wp\/v2\/pages"}],"about":[{"href":"https:\/\/rinkboards.com\/fr\/wp-json\/wp\/v2\/types\/page"}],"author":[{"embeddable":true,"href":"https:\/\/rinkboards.com\/fr\/wp-json\/wp\/v2\/users\/3"}],"replies":[{"embeddable":true,"href":"https:\/\/rinkboards.com\/fr\/wp-json\/wp\/v2\/comments?post=3"}],"version-history":[{"count":7,"href":"https:\/\/rinkboards.com\/fr\/wp-json\/wp\/v2\/pages\/3\/revisions"}],"predecessor-version":[{"id":5861,"href":"https:\/\/rinkboards.com\/fr\/wp-json\/wp\/v2\/pages\/3\/revisions\/5861"}],"wp:attachment":[{"href":"https:\/\/rinkboards.com\/fr\/wp-json\/wp\/v2\/media?parent=3"}],"curies":[{"name":"wp","href":"https:\/\/api.w.org\/{rel}","templated":true}]}}