{"id":4049,"date":"2022-05-26T15:10:27","date_gmt":"2022-05-26T19:10:27","guid":{"rendered":"http:\/\/54.39.202.149\/~rinkboardsdev\/?page_id=4049"},"modified":"2022-10-20T22:28:02","modified_gmt":"2022-10-21T02:28:02","slug":"nos-services","status":"publish","type":"page","link":"https:\/\/rinkboards.com\/fr\/nos-services\/","title":{"rendered":"Nos services"},"content":{"rendered":"\n\t<section class=\"section dark has-parallax\" id=\"section_399776969\">\n\t\t<div class=\"section-bg fill\" data-parallax-container=\".section\" data-parallax-background data-parallax=\"-2\">\n\t\t\t<img data-recalc-dims=\"1\" loading=\"lazy\" decoding=\"async\" width=\"1020\" height=\"719\" src=\"https:\/\/i0.wp.com\/rinkboards.com\/wp-content\/uploads\/2022\/07\/Bell-Center-Guy-Lafleur.jpg?resize=1020%2C719&#038;ssl=1\" class=\"bg attachment-original size-original\" alt=\"\" title=\"\">\t\t\t\t\t\t<div class=\"section-bg-overlay absolute fill\"><\/div>\n\t\t\t\n\n\t\t<\/div>\n\n\t\t\n\t<div class=\"ux-shape-divider ux-shape-divider--bottom ux-shape-divider--style-tilt\">\n\t\t<svg viewBox=\"0 0 1000 100\" xmlns=\"http:\/\/www.w3.org\/2000\/svg\" preserveAspectRatio=\"none\">\n\t<path class=\"ux-shape-fill\" d=\"M1000 100V0L-40 100H1000Z\"\/>\n<\/svg>\n\t<\/div>\n\n\t\t<div class=\"section-content relative\">\n\t\t\t\n<div class=\"row align-middle align-center\"  id=\"row-72840980\">\n\n\t<div id=\"col-1325481101\" class=\"col medium-10 small-11 large-10\"  >\n\t\t\t\t<div class=\"col-inner text-center\"  >\n\t\t\t\n\t\t\t\n<h1><span style=\"font-size: 180%;\">Prise en charge compl\u00e8te de la logistique publicitaire pour vos affichages de bande<\/span><\/h1>\n<p><span style=\"font-size: 120%;\">Vous serez soutenus \u00e0 chaque \u00e9tape du processus ! Nous disposons des outils, de la technologie et surtout de l&rsquo;\u00e9quipe la plus passionn\u00e9e pour vous accompagner de la conception cr\u00e9ative \u00e0 la production, \u00e0 l&rsquo;installation et m\u00eame \u00e0 travers un programme de maintenance.<\/span><\/p>\n\t\t<\/div>\n\t\t\t\t\n<style>\n#col-1325481101 > .col-inner {\n  padding: 10px 25px 0px 30px;\n}\n@media (min-width:550px) {\n  #col-1325481101 > .col-inner {\n    padding: 0px 0px 0px 45px;\n  }\n}\n<\/style>\n\t<\/div>\n\n\t\n\n<style>\n#row-72840980 > .col > .col-inner {\n  padding: 200px 0px 20px 0px;\n}\n<\/style>\n<\/div>\n\t\t<\/div>\n\n\t\t\n<style>\n#section_399776969 {\n  padding-top: 30px;\n  padding-bottom: 30px;\n  min-height: 400px;\n  background-color: rgb(40, 40, 40);\n}\n#section_399776969 .section-bg-overlay {\n  background-color: rgba(0, 0, 0, 0.65);\n}\n#section_399776969 .ux-shape-divider--bottom svg {\n  height: 100px;\n  --divider-width: 200%;\n}\n@media (min-width:550px) {\n  #section_399776969 {\n    min-height: 650px;\n  }\n  #section_399776969 .ux-shape-divider--bottom svg {\n    --divider-width: 125%;\n  }\n}\n<\/style>\n\t<\/section>\n\t\n\t<div id=\"gap-1257873298\" class=\"gap-element clearfix\" style=\"display:block; height:auto;\">\n\t\t\n<style>\n#gap-1257873298 {\n  padding-top: 60px;\n}\n<\/style>\n\t<\/div>\n\t\n\n\t<section class=\"section\" id=\"section_751988480\">\n\t\t<div class=\"section-bg fill\" >\n\t\t\t\t\t\t\t\t\t\n\t\t\t\n\n\t\t<\/div>\n\n\t\t\n\n\t\t<div class=\"section-content relative\">\n\t\t\t\n<div class=\"row row-collapse row-full-width align-middle align-center\"  id=\"row-1311469630\">\n\n\t<div id=\"col-491137569\" class=\"col medium-6 small-12 large-6\"  >\n\t\t\t\t<div class=\"col-inner text-left\"  >\n\t\t\t\n\t\t\t\n<h2><span style=\"font-size: 120%;\">Conception<\/span><\/h2>\n<p>Avec de longues ann\u00e9es d&rsquo;exp\u00e9rience \u00e0 son actif, le d\u00e9partement cr\u00e9atif de Rinkboards poss\u00e8de les comp\u00e9tences d&rsquo;une soci\u00e9t\u00e9 de cr\u00e9ation \u00e0 service complet.<\/p>\n<p>\u00c0 ce jour, nous avons r\u00e9alis\u00e9 des projets pour de nombreuses marques connues. Vous savez donc qu&rsquo;en nous choisissant pour votre prochaine campagne de grande envergure, vous n&rsquo;obtiendrez que le meilleur.<\/p>\n\t\t<\/div>\n\t\t\t\t\n<style>\n#col-491137569 > .col-inner {\n  padding: 0px 20px 0px 20px;\n}\n@media (min-width:550px) {\n  #col-491137569 > .col-inner {\n    padding: 0px 100px 0px 100px;\n  }\n}\n<\/style>\n\t<\/div>\n\n\t\n\n\t<div id=\"col-38889467\" class=\"col medium-6 small-12 large-6\"  >\n\t\t\t\t<div class=\"col-inner\"  >\n\t\t\t\n\t\t\t\n\t<div class=\"img has-hover x md-x lg-x y md-y lg-y\" id=\"image_1382870273\">\n\t\t\t\t\t\t\t\t<div class=\"img-inner dark\" >\n\t\t\t<img data-recalc-dims=\"1\" loading=\"lazy\" decoding=\"async\" width=\"900\" height=\"603\" src=\"https:\/\/i0.wp.com\/rinkboards.com\/wp-content\/uploads\/2022\/07\/Service-Creative-Design.jpg?resize=900%2C603&#038;ssl=1\" class=\"attachment-original size-original\" alt=\"\" srcset=\"https:\/\/i0.wp.com\/rinkboards.com\/wp-content\/uploads\/2022\/07\/Service-Creative-Design.jpg?w=900&amp;ssl=1 900w, https:\/\/i0.wp.com\/rinkboards.com\/wp-content\/uploads\/2022\/07\/Service-Creative-Design.jpg?resize=300%2C201&amp;ssl=1 300w, https:\/\/i0.wp.com\/rinkboards.com\/wp-content\/uploads\/2022\/07\/Service-Creative-Design.jpg?resize=768%2C515&amp;ssl=1 768w\" sizes=\"auto, (max-width: 900px) 100vw, 900px\" title=\"\">\t\t\t\t\t\t\n\t\t\t\t\t<\/div>\n\t\t\t\t\t\t\t\t\n<style>\n#image_1382870273 {\n  width: 100%;\n}\n<\/style>\n\t<\/div>\n\t\n\t\t<\/div>\n\t\t\t\t\n<style>\n#col-38889467 > .col-inner {\n  padding: 0px 0px 30px 0px;\n}\n<\/style>\n\t<\/div>\n\n\t\n<\/div>\n\t<div id=\"gap-1802160885\" class=\"gap-element clearfix\" style=\"display:block; height:auto;\">\n\t\t\n<style>\n#gap-1802160885 {\n  padding-top: 60px;\n}\n<\/style>\n\t<\/div>\n\t\n<div class=\"row row-collapse row-full-width align-middle align-center\"  id=\"row-1891204620\">\n\n\t<div id=\"col-1359826722\" class=\"col medium-6 small-12 large-6\"  >\n\t\t\t\t<div class=\"col-inner\"  >\n\t\t\t\n\t\t\t\n<h2><span style=\"font-size: 120%;\">Production de premi\u00e8re qualit\u00e9<\/span><\/h2>\n<p>Nous nous occupons de la production de tous vos Rinkboards\u2122 ! Nos banni\u00e8res sont fabriqu\u00e9es en vinyle de premi\u00e8re qualit\u00e9, imprim\u00e9es avec des encres intenses et durables.<\/p>\n<p>Nous incluons \u00e9galement une mise en page tr\u00e8s compl\u00e8te et d\u00e9taill\u00e9e de votre projet, pour aider nos clients, designers et installateurs \u00e0 avoir une vision claire d&rsquo;un projet sp\u00e9cifique.<\/p>\n\t\t<\/div>\n\t\t\t\t\n<style>\n#col-1359826722 > .col-inner {\n  padding: 0px 20px 0px 20px;\n}\n@media (min-width:550px) {\n  #col-1359826722 > .col-inner {\n    padding: 0px 100px 0px 100px;\n  }\n}\n<\/style>\n\t<\/div>\n\n\t\n\n\t<div id=\"col-141383217\" class=\"col medium-6 small-12 large-6\"  >\n\t\t\t\t<div class=\"col-inner\"  >\n\t\t\t\n\t\t\t\n\t<div class=\"img has-hover x md-x lg-x y md-y lg-y\" id=\"image_1310347494\">\n\t\t\t\t\t\t\t\t<div class=\"img-inner dark\" >\n\t\t\t<img data-recalc-dims=\"1\" loading=\"lazy\" decoding=\"async\" width=\"900\" height=\"603\" src=\"https:\/\/i0.wp.com\/rinkboards.com\/wp-content\/uploads\/2022\/07\/Rinkboards-Printing.jpg?resize=900%2C603&#038;ssl=1\" class=\"attachment-original size-original\" alt=\"\" srcset=\"https:\/\/i0.wp.com\/rinkboards.com\/wp-content\/uploads\/2022\/07\/Rinkboards-Printing.jpg?w=900&amp;ssl=1 900w, https:\/\/i0.wp.com\/rinkboards.com\/wp-content\/uploads\/2022\/07\/Rinkboards-Printing.jpg?resize=300%2C201&amp;ssl=1 300w, https:\/\/i0.wp.com\/rinkboards.com\/wp-content\/uploads\/2022\/07\/Rinkboards-Printing.jpg?resize=768%2C515&amp;ssl=1 768w\" sizes=\"auto, (max-width: 900px) 100vw, 900px\" title=\"\">\t\t\t\t\t\t\n\t\t\t\t\t<\/div>\n\t\t\t\t\t\t\t\t\n<style>\n#image_1310347494 {\n  width: 100%;\n}\n<\/style>\n\t<\/div>\n\t\n\t\t<\/div>\n\t\t\t\t\n<style>\n#col-141383217 > .col-inner {\n  padding: 0px 0px 30px 0px;\n}\n<\/style>\n\t<\/div>\n\n\t\n<\/div>\n\t<div id=\"gap-1663001628\" class=\"gap-element clearfix\" style=\"display:block; height:auto;\">\n\t\t\n<style>\n#gap-1663001628 {\n  padding-top: 60px;\n}\n<\/style>\n\t<\/div>\n\t\n<div class=\"row row-collapse row-full-width align-middle align-center\"  id=\"row-1476265078\">\n\n\t<div id=\"col-1463185594\" class=\"col medium-6 small-12 large-6\"  >\n\t\t\t\t<div class=\"col-inner\"  >\n\t\t\t\n\t\t\t\n<h2><span style=\"font-size: 120%;\">Service complet d\u2019installation<\/span><\/h2>\n<p>Nos \u00e9quipes d&rsquo;experts sont sur place pour installer vos Rinkboards\u2122 \u00e0 chaque match ou \u00e9v\u00e9nement sportif, y compris les changements \u00a0\u00bb en cours de jeu \u00a0\u00bb pendant les entractes.<\/p>\n<p>Nous assurons un soutien constant gr\u00e2ce \u00e0 un r\u00e9seau de plus de 40 \u00e9quipes professionnelles exp\u00e9riment\u00e9es en Am\u00e9rique du Nord, en Europe et en Asie.<\/p>\n\t\t<\/div>\n\t\t\t\t\n<style>\n#col-1463185594 > .col-inner {\n  padding: 0px 20px 0px 20px;\n}\n@media (min-width:550px) {\n  #col-1463185594 > .col-inner {\n    padding: 0px 100px 0px 100px;\n  }\n}\n<\/style>\n\t<\/div>\n\n\t\n\n\t<div id=\"col-1149544603\" class=\"col medium-6 small-12 large-6\"  >\n\t\t\t\t<div class=\"col-inner\"  >\n\t\t\t\n\t\t\t\n\t<div class=\"img has-hover x md-x lg-x y md-y lg-y\" id=\"image_89178542\">\n\t\t\t\t\t\t\t\t<div class=\"img-inner dark\" >\n\t\t\t<img data-recalc-dims=\"1\" loading=\"lazy\" decoding=\"async\" width=\"900\" height=\"603\" src=\"https:\/\/i0.wp.com\/rinkboards.com\/wp-content\/uploads\/2022\/07\/Rinkboards-Installation.jpg?resize=900%2C603&#038;ssl=1\" class=\"attachment-original size-original\" alt=\"\" srcset=\"https:\/\/i0.wp.com\/rinkboards.com\/wp-content\/uploads\/2022\/07\/Rinkboards-Installation.jpg?w=900&amp;ssl=1 900w, https:\/\/i0.wp.com\/rinkboards.com\/wp-content\/uploads\/2022\/07\/Rinkboards-Installation.jpg?resize=300%2C201&amp;ssl=1 300w, https:\/\/i0.wp.com\/rinkboards.com\/wp-content\/uploads\/2022\/07\/Rinkboards-Installation.jpg?resize=768%2C515&amp;ssl=1 768w\" sizes=\"auto, (max-width: 900px) 100vw, 900px\" title=\"\">\t\t\t\t\t\t\n\t\t\t\t\t<\/div>\n\t\t\t\t\t\t\t\t\n<style>\n#image_89178542 {\n  width: 100%;\n}\n<\/style>\n\t<\/div>\n\t\n\t\t<\/div>\n\t\t\t\t\n<style>\n#col-1149544603 > .col-inner {\n  padding: 0px 0px 30px 0px;\n}\n<\/style>\n\t<\/div>\n\n\t\n<\/div>\n\t<div id=\"gap-1124823405\" class=\"gap-element clearfix\" style=\"display:block; height:auto;\">\n\t\t\n<style>\n#gap-1124823405 {\n  padding-top: 60px;\n}\n<\/style>\n\t<\/div>\n\t\n<div class=\"row row-collapse row-full-width align-middle align-center\"  id=\"row-1107106025\">\n\n\t<div id=\"col-1303368383\" class=\"col medium-6 small-12 large-6\"  >\n\t\t\t\t<div class=\"col-inner\"  >\n\t\t\t\n\t\t\t\n<h2><span style=\"font-size: 120%;\">Programme de maintenance personnalis\u00e9<\/span><\/h2>\n<p>Nous fournissons un service de maintenance complet o\u00f9 le client n&rsquo;a pas \u00e0 s&rsquo;occuper du contr\u00f4le des inventaires, du stockage, de l&rsquo;installation et de l&rsquo;entretien quotidien des Rinkboards\u2122.<\/p>\n<p>Notre programme d&rsquo;entretien comporte des cycles de remplacement r\u00e9guliers hebdomadaires et mensuels et convient \u00e0 tous les budgets, sur les petits et les grands march\u00e9s.<\/p>\n<a href=\"\/fr\/nos-services\/programme-de-maintenance\/\" class=\"button secondary\" >\n\t\t<span>Explorez vos options<\/span>\n\t<i class=\"icon-angle-right\" aria-hidden=\"true\"><\/i><\/a>\n\n\t\t<\/div>\n\t\t\t\t\n<style>\n#col-1303368383 > .col-inner {\n  padding: 0px 20px 0px 20px;\n}\n@media (min-width:550px) {\n  #col-1303368383 > .col-inner {\n    padding: 0px 100px 0px 100px;\n  }\n}\n<\/style>\n\t<\/div>\n\n\t\n\n\t<div id=\"col-2067901086\" class=\"col medium-6 small-12 large-6\"  >\n\t\t\t\t<div class=\"col-inner\"  >\n\t\t\t\n\t\t\t\n\t<div class=\"img has-hover x md-x lg-x y md-y lg-y\" id=\"image_1136719855\">\n\t\t<a class=\"\" href=\"http:\/\/54.39.202.149\/~rinkboardsdev\/fr\/nos-services\/programme-de-maintenance\/\" >\t\t\t\t\t\t<div class=\"img-inner dark\" >\n\t\t\t<img data-recalc-dims=\"1\" loading=\"lazy\" decoding=\"async\" width=\"900\" height=\"603\" src=\"https:\/\/i0.wp.com\/rinkboards.com\/wp-content\/uploads\/2022\/07\/Service-Maintenance.jpg?resize=900%2C603&#038;ssl=1\" class=\"attachment-original size-original\" alt=\"\" srcset=\"https:\/\/i0.wp.com\/rinkboards.com\/wp-content\/uploads\/2022\/07\/Service-Maintenance.jpg?w=900&amp;ssl=1 900w, https:\/\/i0.wp.com\/rinkboards.com\/wp-content\/uploads\/2022\/07\/Service-Maintenance.jpg?resize=300%2C201&amp;ssl=1 300w, https:\/\/i0.wp.com\/rinkboards.com\/wp-content\/uploads\/2022\/07\/Service-Maintenance.jpg?resize=768%2C515&amp;ssl=1 768w\" sizes=\"auto, (max-width: 900px) 100vw, 900px\" title=\"\">\t\t\t\t\t\t\n\t\t\t\t\t<\/div>\n\t\t\t\t\t\t<\/a>\t\t\n<style>\n#image_1136719855 {\n  width: 100%;\n}\n<\/style>\n\t<\/div>\n\t\n\t\t<\/div>\n\t\t\t\t\n<style>\n#col-2067901086 > .col-inner {\n  padding: 0px 0px 30px 0px;\n}\n<\/style>\n\t<\/div>\n\n\t\n<\/div>\n\t\t<\/div>\n\n\t\t\n<style>\n#section_751988480 {\n  padding-top: 30px;\n  padding-bottom: 30px;\n}\n<\/style>\n\t<\/section>\n\t\n\n\t<section class=\"section\" id=\"section_1238123546\">\n\t\t<div class=\"section-bg fill\" >\n\t\t\t\t\t\t\t\t\t\n\t\t\t\n\n\t\t<\/div>\n\n\t\t\n\n\t\t<div class=\"section-content relative\">\n\t\t\t\n\n<div class=\"row row-collapse row-full-width align-middle align-center\"  id=\"row-690687036\">\n\n\n\t<div id=\"col-486088005\" class=\"col medium-6 small-12 large-6 small-col-first\"  >\n\t\t\t\t<div class=\"col-inner\"  >\n\t\t\t\n\t\t\t\n\n<h2><span style=\"font-size: 120%;\">Nous offrons une int\u00e9gration verticale totale de toutes les solutions de signalisation dans les stades<\/span><\/h2>\n<p>En plus de vos Rinkboards\u2122, nous fabriquons et installons des murales de vinyle, de l\u2019affichage directionnel au sol, des banni\u00e8res ext\u00e9rieures et int\u00e9rieures, de l\u2019habillage de vitrine, et des lettrages de v\u00e9hicules.<\/p>\n<a href=\"\/fr\/nos-produits\/affichage-grand-format\/\" class=\"button secondary\" >\n\t\t<span>Faites-vous remarquer !<\/span>\n\t<i class=\"icon-angle-right\" aria-hidden=\"true\"><\/i><\/a>\n\n\n\n\t\t<\/div>\n\t\t\t\t\n<style>\n#col-486088005 > .col-inner {\n  padding: 0px 20px 0px 20px;\n  margin: 0px 0px 0px 0px;\n}\n@media (min-width:550px) {\n  #col-486088005 > .col-inner {\n    padding: 0px 50px 0px 100px;\n  }\n}\n<\/style>\n\t<\/div>\n\n\t\n\n\t<div id=\"col-2006394243\" class=\"col medium-6 small-12 large-6 small-col-first\"  >\n\t\t\t\t<div class=\"col-inner\"  >\n\t\t\t\n\t\t\t\n\n\t<div class=\"img has-hover x md-x lg-x y md-y lg-y\" id=\"image_1627304365\">\n\t\t<a class=\"\" href=\"\/fr\/nos-produits\/affichage-grand-format\/\" >\t\t\t\t\t\t<div class=\"img-inner dark\" >\n\t\t\t<img loading=\"lazy\" decoding=\"async\" width=\"1000\" height=\"838\" src=\"https:\/\/i0.wp.com\/rinkboards.com\/wp-content\/uploads\/2022\/06\/Rinkboards-Winnipeg-Jets-Wrap.png?fit=1000%2C838&amp;ssl=1\" class=\"attachment-large size-large\" alt=\"\" srcset=\"https:\/\/i0.wp.com\/rinkboards.com\/wp-content\/uploads\/2022\/06\/Rinkboards-Winnipeg-Jets-Wrap.png?w=1000&amp;ssl=1 1000w, https:\/\/i0.wp.com\/rinkboards.com\/wp-content\/uploads\/2022\/06\/Rinkboards-Winnipeg-Jets-Wrap.png?resize=300%2C251&amp;ssl=1 300w, https:\/\/i0.wp.com\/rinkboards.com\/wp-content\/uploads\/2022\/06\/Rinkboards-Winnipeg-Jets-Wrap.png?resize=768%2C644&amp;ssl=1 768w\" sizes=\"auto, (max-width: 1000px) 100vw, 1000px\" title=\"\">\t\t\t\t\t\t\n\t\t\t\t\t<\/div>\n\t\t\t\t\t\t<\/a>\t\t\n<style>\n#image_1627304365 {\n  width: 100%;\n}\n<\/style>\n\t<\/div>\n\t\n\n\n\t\t<\/div>\n\t\t\t\t\n<style>\n#col-2006394243 > .col-inner {\n  padding: 0px 0px 25px 0px;\n}\n<\/style>\n\t<\/div>\n\n\t\n\n<\/div>\n\n\t\t<\/div>\n\n\t\t\n<style>\n#section_1238123546 {\n  padding-top: 30px;\n  padding-bottom: 30px;\n}\n<\/style>\n\t<\/section>\n\t\n","protected":false},"excerpt":{"rendered":"","protected":false},"author":3,"featured_media":0,"parent":0,"menu_order":0,"comment_status":"closed","ping_status":"closed","template":"","meta":{"inline_featured_image":false,"footnotes":""},"class_list":["post-4049","page","type-page","status-publish","hentry"],"jetpack_sharing_enabled":true,"_links":{"self":[{"href":"https:\/\/rinkboards.com\/fr\/wp-json\/wp\/v2\/pages\/4049","targetHints":{"allow":["GET"]}}],"collection":[{"href":"https:\/\/rinkboards.com\/fr\/wp-json\/wp\/v2\/pages"}],"about":[{"href":"https:\/\/rinkboards.com\/fr\/wp-json\/wp\/v2\/types\/page"}],"author":[{"embeddable":true,"href":"https:\/\/rinkboards.com\/fr\/wp-json\/wp\/v2\/users\/3"}],"replies":[{"embeddable":true,"href":"https:\/\/rinkboards.com\/fr\/wp-json\/wp\/v2\/comments?post=4049"}],"version-history":[{"count":10,"href":"https:\/\/rinkboards.com\/fr\/wp-json\/wp\/v2\/pages\/4049\/revisions"}],"predecessor-version":[{"id":5826,"href":"https:\/\/rinkboards.com\/fr\/wp-json\/wp\/v2\/pages\/4049\/revisions\/5826"}],"wp:attachment":[{"href":"https:\/\/rinkboards.com\/fr\/wp-json\/wp\/v2\/media?parent=4049"}],"curies":[{"name":"wp","href":"https:\/\/api.w.org\/{rel}","templated":true}]}}