{"id":516,"date":"2020-11-03T09:03:12","date_gmt":"2020-11-03T14:03:12","guid":{"rendered":"http:\/\/54.39.202.149\/~rinkboardsdev\/?page_id=516"},"modified":"2022-06-05T22:53:30","modified_gmt":"2022-06-06T02:53:30","slug":"demandez-une-soumission","status":"publish","type":"page","link":"https:\/\/rinkboards.com\/fr\/demandez-une-soumission\/","title":{"rendered":"Demandez une soumission"},"content":{"rendered":"\n\t<section class=\"section dark has-parallax\" id=\"section_990643885\">\n\t\t<div class=\"section-bg fill\" data-parallax-container=\".section\" data-parallax-background data-parallax=\"-2\">\n\t\t\t\t\t\t\t\t\t<div class=\"section-bg-overlay absolute fill\"><\/div>\n\t\t\t\n\n\t\t<\/div>\n\n\t\t\n\t<div class=\"ux-shape-divider ux-shape-divider--bottom ux-shape-divider--style-waves-opacity-3\">\n\t\t<svg viewBox=\"0 0 1000 300\" xmlns=\"http:\/\/www.w3.org\/2000\/svg\" preserveAspectRatio=\"none\">\n\t<path class=\"ux-shape-fill\" opacity=\"0.05\" d=\"M1014 264V386H206L34 300C34 300 344.42 277.16 436 221C542 156 590 160 704 209C811 255 899.11 214.94 979 346L1014 264Z\"\/>\n\t<path class=\"ux-shape-fill\" opacity=\"0.1\" d=\"M-302 55C-302 55 -66.73 263.25 50 214C178 160 283 116 353 141C445.68 174.1 534.28 256.19 588 249C692.9 235 764.52 75.94 855 131C940.61 183.09 1000 254 1000 254V328L-306 338L-302 55Z\"\/>\n\t<path class=\"ux-shape-fill\" opacity=\"0.15\" d=\"M-286 255C-286 255 -72 152 52 126C176 100 255 155 436 227C581.57 284.91 614.7 277.79 708 227C787 184 1009 3.0001 1093 164C1146 265.63 1031 293 1031 293L924 377L-288 389L-286 255Z\"\/>\n\t<path class=\"ux-shape-fill\" opacity=\"0.3\" d=\"M-24 69C-24 69 275.68 370.66 389 314C397 310 622 316 673 356C690.47 369.7 845 224 890 182C944.8 130.85 1018 92 1078 143C1154.12 207.7 1196 242 1196 242L1184 374L-28 386L-24 69Z\"\/>\n\t<path class=\"ux-shape-fill\" d=\"M-12 201C-12 201 58 284 182 258C306 232 342.29 221.23 456 264C565 305 640.82 288.36 721 249C776 222 837.5 191.31 935 253C984 284 1030 279 1030 279L1024 430L-12 440V201Z\"\/>\n<\/svg>\n\t<\/div>\n\n\t\t<div class=\"section-content relative\">\n\t\t\t\n<div class=\"row align-middle align-center\"  id=\"row-1787361537\">\n\n\t<div id=\"col-914945866\" class=\"col medium-10 small-11 large-10\"  >\n\t\t\t\t<div class=\"col-inner text-center\"  >\n\t\t\t\n\t\t\t\n<h1><span style=\"font-size: 180%;\">Demandez une soumission<\/span><\/h1>\n<p class=\"thin-font lead\">Veuillez remplir le formulaire ci-dessous et nous vous ferons parvenir une estimation dans les plus brefs d\u00e9lais. Vous pouvez aussi nous contacter en appelant au <span style=\"color: #fb6111;\"><strong><a style=\"color: #fb6111;\" href=\"tel:4504651100\">450-465-1100<\/a><\/strong><\/span>.<\/p>\n\t\t<\/div>\n\t\t\t\t\n<style>\n#col-914945866 > .col-inner {\n  padding: 10px 25px 0px 30px;\n}\n@media (min-width:550px) {\n  #col-914945866 > .col-inner {\n    padding: 0px 0px 0px 45px;\n  }\n}\n<\/style>\n\t<\/div>\n\n\t\n\n<style>\n#row-1787361537 > .col > .col-inner {\n  padding: 200px 0px 20px 0px;\n}\n<\/style>\n<\/div>\n\t\t<\/div>\n\n\t\t\n<style>\n#section_990643885 {\n  padding-top: 30px;\n  padding-bottom: 30px;\n  min-height: 400px;\n  background-color: rgb(40, 40, 40);\n}\n#section_990643885 .section-bg-overlay {\n  background-color: rgba(0, 0, 0, 0.65);\n}\n#section_990643885 .ux-shape-divider--bottom svg {\n  height: 100px;\n  --divider-width: 200%;\n}\n@media (min-width:550px) {\n  #section_990643885 {\n    min-height: 650px;\n  }\n  #section_990643885 .ux-shape-divider--bottom svg {\n    --divider-width: 125%;\n  }\n}\n<\/style>\n\t<\/section>\n\t\n<div class=\"row row-collapse row-full-width\"  id=\"row-1431315105\">\n\n\t<div id=\"col-1019587168\" class=\"col small-12 large-12\"  >\n\t\t\t\t<div class=\"col-inner text-center\"  >\n\t\t\t\n\t\t\t\n<div class=\"row row-collapse align-center\" style=\"max-width:600px\" id=\"row-606317029\">\n\n\t<div id=\"col-47461776\" class=\"col small-12 large-12\"  >\n\t\t\t\t<div class=\"col-inner\"  >\n\t\t\t\n\t\t\t\n<div id=\"crmWebToEntityForm\" class=\"zcwf_lblTopBottom crmWebToEntityForm\" style=\"background-color: white; color: black; max-width: 800px;\"><form accept-charset=\"UTF-8\" action=\"https:\/\/crm.zoho.com\/crm\/WebToLeadForm\" enctype=\"multipart\/form-data\" method=\"POST\" name=\"WebToLeads4279481000009648009\"><input style=\"display: none;\" name=\"xnQsjsdp\" type=\"text\" value=\"45aa6efda2eeb22d1cd200734d6b3e806b576cd9d828a1fc7cdfa733373a5fe9\" \/> <input id=\"zc_gad\" name=\"zc_gad\" type=\"hidden\" value=\"\" \/> <input style=\"display: none;\" name=\"xmIwtLD\" type=\"text\" value=\"b114a1300256364528e565bdc57a10cc1c4a88ae187c0995184e3c942402e0e5\" \/> <input style=\"display: none;\" name=\"actionType\" type=\"text\" value=\"TGVhZHM=\" \/> <input style=\"display: none;\" name=\"returnURL\" type=\"text\" value=\"http:\/\/54.39.202.149\/~rinkboardsdev\/merci\/\" \/> <!-- Do not remove this code. --> <input id=\"ldeskuid\" style=\"display: none;\" name=\"ldeskuid\" type=\"text\" \/> <input id=\"LDTuvid\" style=\"display: none;\" name=\"LDTuvid\" type=\"text\" \/> <!-- Do not remove this code. -->\r\n\r\n<style>\r\nhtml,body{margin: 0px;<br \/>}<br \/>#crmWebToEntityForm.zcwf_lblTopBottom {width:100%;padding: 25px;margin: 0 auto;box-sizing: border-box;<br \/>}<br \/>#crmWebToEntityForm.zcwf_lblTopBottom * {box-sizing: border-box;<br \/>}<br \/>#crmWebToEntityForm{text-align: left;}<br \/>#crmWebToEntityForm * {direction: ltr;<br \/>}<br \/>.zcwf_lblTopBottom .zcwf_title {word-wrap: break-word;padding: 0px 6px 10px;font-weight: bold;<br \/>}<br \/>.zcwf_lblTopBottom .zcwf_col_fld input[type=text], .zcwf_lblTopBottom .zcwf_col_fld textarea {width: 100%;border: 1px solid #ccc;resize: vertical;border-radius: 2px;float: left;<br \/>}<br \/>.zcwf_lblTopBottom .zcwf_col_lab {width: 30%;word-break: break-word;padding: 0px 6px 0px;margin-right: 10px;margin-top: 5px;padding-bottom: 4px;<br \/>}<br \/>.zcwf_lblTopBottom .zcwf_col_fld {width: 60%;padding: 0px 6px 0px;position: relative;margin-top: 5px;<br \/>}<br \/>.zcwf_lblTopBottom .zcwf_privacy{padding: 6px;}<br \/>.zcwf_lblTopBottom .wfrm_fld_dpNn{display: none;}<br \/>.dIB{display: inline-block;}<br \/>.zcwf_lblTopBottom .zcwf_col_fld_slt {width: 60%;border: 1px solid #ccc;background: #fff;border-radius: 4px;font-size: 16px;float: left;resize: vertical;<br \/>}<br \/>.zcwf_lblTopBottom .zcwf_row:after, .zcwf_lblTopBottom .zcwf_col_fld:after {content: '';display: table;clear: both;<br \/>}<br \/>.zcwf_lblTopBottom .zcwf_col_help {float: left;margin-left: 7px;font-size: 16px;max-width: 35%;word-break: break-word;<br \/>}<br \/>.zcwf_lblTopBottom .zcwf_help_icon {cursor: pointer;width: 16px;height: 16px;display: inline-block;background: #fff;border: 1px solid #ccc;color: #ccc;text-align: center;font-size: 11px;line-height: 16px;font-weight: bold;border-radius: 50%;<br \/>}<br \/>.zcwf_lblTopBottom .zcwf_row {margin: 15px 0px;}<br \/>.zcwf_lblTopBottom .formsubmit {margin-right: 5px;cursor: pointer;color: #333;font-size: 16px;<br \/>}<br \/>.zcwf_lblTopBottom .zcwf_privacy_txt {color: rgb(0, 0, 0);font-size: 16px;font-family: Arial;display: inline-block;vertical-align: top;color: #333;padding-top: 2px;margin-left: 6px;<br \/>}<br \/>.zcwf_lblTopBottom .zcwf_button {font-size: 16px;color: #333;border: 1px solid #ccc;padding: 3px 9px;border-radius: 4px;cursor: pointer;max-width: 350px;overflow: hidden;text-overflow: ellipsis;white-space: nowrap;<br \/>}<br \/>.zcwf_lblTopBottom .zcwf_tooltip_over{position: relative;<br \/>}<br \/>.zcwf_lblTopBottom .zcwf_tooltip_ctn{position: absolute;background: #dedede;padding: 3px 6px;top: 3px;border-radius: 4px;word-break: break-all;min-width: 50px;max-width: 150px;color: #333;<br \/>}<br \/>.zcwf_lblTopBottom .zcwf_ckbox{float: left;<br \/>}<br \/>.zcwf_lblTopBottom .zcwf_file{width: 100%;box-sizing: border-box;float: left;<br \/>}<br \/>.clearB:after{content:'';display: block;clear: both;<br \/>}<br \/>@media all{.zcwf_lblTopBottom .zcwf_col_lab, .zcwf_lblTopBottom .zcwf_col_fld {width: auto;float: none !important;}.zcwf_lblTopBottom .zcwf_col_help {width: 40%;}<br \/>}<br \/><\/style>\r\n<div class=\"zcwf_row\" style=\"text-align: center;\">\r\n<div class=\"zcwf_col_lab\" style=\"font-size: 16px; font-family: Arial;\"><label for=\"Email\">Courriel<span style=\"color: red;\">*<\/span><\/label><\/div>\r\n<div class=\"zcwf_col_fld\">\r\n\r\n<input id=\"Email\" maxlength=\"100\" name=\"Email\" type=\"text\" \/>\r\n<div class=\"zcwf_col_help\"><\/div>\r\n<\/div>\r\n<\/div>\r\n<div class=\"zcwf_row\" style=\"text-align: center;\">\r\n<div class=\"zcwf_col_lab\" style=\"font-size: 16px; font-family: Arial;\"><label for=\"First_Name\">Pr\u00e9nom<span style=\"color: red;\">*<\/span><\/label><\/div>\r\n<div class=\"zcwf_col_fld\">\r\n\r\n<input id=\"First_Name\" maxlength=\"40\" name=\"First Name\" type=\"text\" \/>\r\n<div class=\"zcwf_col_help\"><\/div>\r\n<\/div>\r\n<\/div>\r\n<div class=\"zcwf_row\" style=\"text-align: center;\">\r\n<div class=\"zcwf_col_lab\" style=\"font-size: 16px; font-family: Arial;\"><label for=\"Last_Name\">Nom<span style=\"color: red;\">*<\/span><\/label><\/div>\r\n<div class=\"zcwf_col_fld\">\r\n\r\n<input id=\"Last_Name\" maxlength=\"80\" name=\"Last Name\" type=\"text\" \/>\r\n<div class=\"zcwf_col_help\"><\/div>\r\n<\/div>\r\n<\/div>\r\n<div class=\"zcwf_row\" style=\"text-align: center;\">\r\n<div class=\"zcwf_col_lab\" style=\"font-size: 16px; font-family: Arial;\"><label for=\"Company\">Votre entreprise<span style=\"color: red;\">*<\/span><\/label><\/div>\r\n<div class=\"zcwf_col_fld\">\r\n\r\n<input id=\"Company\" maxlength=\"100\" name=\"Company\" type=\"text\" \/>\r\n<div class=\"zcwf_col_help\"><\/div>\r\n<\/div>\r\n<\/div>\r\n<div class=\"zcwf_row\" style=\"text-align: center;\">\r\n<div class=\"zcwf_col_lab\" style=\"font-size: 16px; font-family: Arial;\"><label for=\"Phone\">T\u00e9l\u00e9phone<\/label><\/div>\r\n<div class=\"zcwf_col_fld\">\r\n\r\n<input id=\"Phone\" maxlength=\"30\" name=\"Phone\" type=\"text\" \/>\r\n<div class=\"zcwf_col_help\"><\/div>\r\n<\/div>\r\n<\/div>\r\n<div class=\"zcwf_row\" style=\"text-align: center;\">\r\n<div class=\"zcwf_col_lab\" style=\"font-size: 16px; font-family: Arial;\"><label for=\"Description\">Parlez-nous de votre projet<\/label><\/div>\r\n<div class=\"zcwf_col_fld\">\r\n\r\n<textarea id=\"Description\" name=\"Description\"><\/textarea>\r\n<div class=\"zcwf_col_help\"><\/div>\r\n<\/div>\r\n<\/div>\r\n<div class=\"zcwf_row\" style=\"text-align: center;\">\r\n<div class=\"zcwf_col_lab\" style=\"font-size: 16px; font-family: Arial;\">T\u00e9l\u00e9chargez un fichier<\/div>\r\n<div class=\"zcwf_col_fld\">\r\n<div class=\"clearB\">\r\n\r\n<input id=\"theFile4279481000009648009\" class=\"zcwf_file\" multiple=\"multiple\" name=\"theFile\" type=\"file\" \/>\r\n<div class=\"zcwf_col_help\"><\/div>\r\n<\/div>\r\n<p style=\"color: black; font-size: 11px; padding-left: 3px;\">La limite maximale de taille du ou des fichiers est de 20 Mo.<\/p>\r\n\r\n<\/div>\r\n<\/div>\r\n<div class=\"zcwf_row\" style=\"text-align: center;\">\r\n<div class=\"zcwf_col_lab\"><\/div>\r\n<div class=\"zcwf_col_fld\"><input id=\"formsubmit\" class=\"formsubmit zcwf_button\" title=\"Demander une soumission\" type=\"submit\" value=\"Demander une soumission\" \/><\/div>\r\n<\/div>\r\n<script>function validateEmail4279481000009648009(){var form = document.forms['WebToLeads4279481000009648009'];var emailFld = form.querySelectorAll('[ftype=email]');var i;for (i = 0; i < emailFld.length; i++){var emailVal = emailFld[i].value;if((emailVal.replace(\/^s+|s+$\/g, '')).length!=0 ){var atpos=emailVal.indexOf('@');var dotpos=emailVal.lastIndexOf('.');if (atpos<1 || dotpos<atpos+2 || dotpos+2>=emailVal.length){alert('Veuillez entrer une adresse e-mail valide. ');emailFld[i].focus();return false;}}}return true;}<\/p>\r\n<p>\r\n<\/p>\r\n<p>\r\n<span data-mce-type=\"bookmark\" style=\"display: inline-block; width: 0px; overflow: hidden; line-height: 0;\" class=\"mce_SELRES_start\">\ufeff<\/span>\r\n<\/p>\r\n<p>\r\n<\/p>\r\n<p>function checkMandatory4279481000009648009() {var mndFileds = new Array('Company','First Name','Last Name','Email');var fldLangVal = new Array('Nom de votre entreprise','Pr\u00e9nom','Nom','Courriel');for(i=0;i<mndFileds.length;i++) {var fieldObj=document.forms['WebToLeads4279481000009648009'][mndFileds[i]];if(fieldObj) {if (((fieldObj.value).replace(\/^s+|s+$\/g, '')).length==0) {if(fieldObj.type =='file'){alert('Veuillez s\u00e9lectionner un fichier \u00e0 charger.');fieldObj.focus();return false;}alert(fldLangVal[i] +' ne peut pas \u00eatre vide.');fieldObj.focus();return false;}else if(fieldObj.nodeName=='SELECT') {if(fieldObj.options[fieldObj.selectedIndex].value=='-None-') {alert(fldLangVal[i] +' ne peut \u00eatre aucun.');fieldObj.focus();return false;}} else if(fieldObj.type =='checkbox'){if(fieldObj.checked == false){alert('Please accept'+fldLangVal[i]);fieldObj.focus();return false;}}try {if(fieldObj.name == 'Last Name') {name = fieldObj.value;}} catch (e) {}}}if(!validateFileUpload4279481000009648009()){return false;}trackVisitor();if(!validateEmail4279481000009648009()){return false;}document.querySelector('.crmWebToEntityForm .formsubmit').setAttribute('disabled', true);}function validateFileUpload4279481000009648009(){var uploadedFiles = document.getElementById('theFile4279481000009648009');var totalFileSize =0;if(uploadedFiles.files.length >3){alert('Vous pouvez t\u00e9l\u00e9charger au maximum trois fichiers \u00e0 la fois.');return false;}if ('files' in uploadedFiles) {if (uploadedFiles.files.length != 0) {for (var i = 0; i < uploadedFiles.files.length; i++) {var file = uploadedFiles.files[i];if ('size' in file) {totalFileSize = totalFileSize + file.size;}}if(totalFileSize > 20971520){alert('La taille totale du ou des fichiers ne doit pas d\u00e9passer 20 Mo.');return false;}}}return true;}\r\nfunction tooltipShow4279481000009648009(el){var tooltip = el.nextElementSibling;var tooltipDisplay = tooltip.style.display;if(tooltipDisplay == 'none'){var allTooltip = document.getElementsByClassName('zcwf_tooltip_over');for(i=0; i<allTooltip.length; i++){allTooltip[i].style.display='none';}tooltip.style.display = 'block';}else{tooltip.style.display='none';}\r\n}\r\n<\/script><script type='text\/javascript' id='VisitorTracking'>var $zoho= $zoho || {};$zoho.salesiq = $zoho.salesiq || {widgetcode:'adf4101407620f89eb3bf64d62cfecd977579433ad5ef0f3a625d1bf50f14c41', values:{},ready:function(){$zoho.salesiq.floatbutton.visible('hide');}};var d=document;s=d.createElement('script');s.type='text\/javascript';s.id='zsiqscript';s.defer=true;s.src='https:\/\/salesiq.zoho.com\/widget';t=d.getElementsByTagName('script')[0];t.parentNode.insertBefore(s,t);function trackVisitor(){try{if($zoho){var LDTuvidObj = document.forms['WebToLeads4279481000009648009']['LDTuvid'];if(LDTuvidObj){LDTuvidObj.value = $zoho.salesiq.visitor.uniqueid();}var firstnameObj = document.forms['WebToLeads4279481000009648009']['First Name'];if(firstnameObj){name = firstnameObj.value +' '+name;}$zoho.salesiq.visitor.name(name);var emailObj = document.forms['WebToLeads4279481000009648009']['Email'];if(emailObj){email = emailObj.value;$zoho.salesiq.visitor.email(email);}}} catch(e){}}<\/script> <!-- Do not remove this --- Analytics Tracking code starts --><script id='wf_anal' src='https:\/\/crm.zohopublic.com\/crm\/WebFormAnalyticsServeServlet?rid=b114a1300256364528e565bdc57a10cc1c4a88ae187c0995184e3c942402e0e5gid45aa6efda2eeb22d1cd200734d6b3e806b576cd9d828a1fc7cdfa733373a5fe9gid885e3c1045bd9bdcc91bdf30f82b5696gid14f4ec16431e0686150daa43f3210513'><\/script><!-- Do not remove this --- Analytics Tracking code ends. -->\r\n\r\n<\/form><\/div>\n<p><span style=\"font-size: 75%;\">En envoyant votre demande, vous acceptez les conditions de CMD. Nous ne partageons pas vos informations, conform\u00e9ment \u00e0 notre politique de confidentialit\u00e9.<\/span><\/p>\n<div class=\"is-divider divider clearfix\" style=\"max-width:100px;\"><\/div>\n<p>Pour l&rsquo;envoi de fichiers volumineux comme des vid\u00e9os ou des photos haute r\u00e9solution, veuillez utiliser les services gratuits de <strong>WeTransfer<\/strong>.<\/p>\n<a href=\"https:\/\/wetransfer.com\/\" target=\"_blank\" class=\"button secondary\" rel=\"noopener\">\n\t\t<span>Envoyer des fichiers avec WeTransfer<\/span>\n\t<\/a>\n\n\t\t<\/div>\n\t\t\t\t\t<\/div>\n\n\t\n<\/div>\n\t\t<\/div>\n\t\t\t\t\t<\/div>\n\n\t\n\n<style>\n#row-1431315105 > .col > .col-inner {\n  padding: 50px 10px 50px 10px;\n}\n<\/style>\n<\/div>\n","protected":false},"excerpt":{"rendered":"","protected":false},"author":3,"featured_media":0,"parent":0,"menu_order":0,"comment_status":"closed","ping_status":"closed","template":"page-transparent-header-light.php","meta":{"inline_featured_image":false,"footnotes":""},"class_list":["post-516","page","type-page","status-publish","hentry"],"jetpack_sharing_enabled":true,"_links":{"self":[{"href":"https:\/\/rinkboards.com\/fr\/wp-json\/wp\/v2\/pages\/516","targetHints":{"allow":["GET"]}}],"collection":[{"href":"https:\/\/rinkboards.com\/fr\/wp-json\/wp\/v2\/pages"}],"about":[{"href":"https:\/\/rinkboards.com\/fr\/wp-json\/wp\/v2\/types\/page"}],"author":[{"embeddable":true,"href":"https:\/\/rinkboards.com\/fr\/wp-json\/wp\/v2\/users\/3"}],"replies":[{"embeddable":true,"href":"https:\/\/rinkboards.com\/fr\/wp-json\/wp\/v2\/comments?post=516"}],"version-history":[{"count":18,"href":"https:\/\/rinkboards.com\/fr\/wp-json\/wp\/v2\/pages\/516\/revisions"}],"predecessor-version":[{"id":4742,"href":"https:\/\/rinkboards.com\/fr\/wp-json\/wp\/v2\/pages\/516\/revisions\/4742"}],"wp:attachment":[{"href":"https:\/\/rinkboards.com\/fr\/wp-json\/wp\/v2\/media?parent=516"}],"curies":[{"name":"wp","href":"https:\/\/api.w.org\/{rel}","templated":true}]}}