{"id":570,"date":"2020-11-04T11:22:08","date_gmt":"2020-11-04T16:22:08","guid":{"rendered":"http:\/\/54.39.202.149\/~rinkboardsdev\/?page_id=570"},"modified":"2022-08-23T14:41:08","modified_gmt":"2022-08-23T18:41:08","slug":"a-propos-de-nous","status":"publish","type":"page","link":"https:\/\/rinkboards.com\/fr\/a-propos-de-nous\/","title":{"rendered":"\u00c0 propos de nous"},"content":{"rendered":"\n\t<section class=\"section dark has-parallax\" id=\"section_938832779\">\n\t\t<div class=\"section-bg fill\" data-parallax-container=\".section\" data-parallax-background data-parallax=\"-2\">\n\t\t\t<img data-recalc-dims=\"1\" loading=\"lazy\" decoding=\"async\" width=\"1020\" height=\"574\" src=\"https:\/\/i0.wp.com\/rinkboards.com\/wp-content\/uploads\/2022\/07\/About-Us.jpg?resize=1020%2C574&#038;ssl=1\" class=\"bg attachment-original size-original\" alt=\"\" title=\"\">\t\t\t\t\t\t<div class=\"section-bg-overlay absolute fill\"><\/div>\n\t\t\t\n\n\t\t<\/div>\n\n\t\t\n\t<div class=\"ux-shape-divider ux-shape-divider--bottom ux-shape-divider--style-tilt\">\n\t\t<svg viewBox=\"0 0 1000 100\" xmlns=\"http:\/\/www.w3.org\/2000\/svg\" preserveAspectRatio=\"none\">\n\t<path class=\"ux-shape-fill\" d=\"M1000 100V0L-40 100H1000Z\"\/>\n<\/svg>\n\t<\/div>\n\n\t\t<div class=\"section-content relative\">\n\t\t\t\n<div class=\"row align-middle align-center\"  id=\"row-302815915\">\n\n\t<div id=\"col-893505935\" class=\"col medium-10 small-11 large-10\"  >\n\t\t\t\t<div class=\"col-inner text-center\"  >\n\t\t\t\n\t\t\t\n<h1><span style=\"font-size: 180%;\">\u00c0 PROPOS DE RINKBOARDS\u2122<\/span><\/h1>\n<p><span style=\"font-size: 120%;\"> Depuis 1974, nous faisons partie de l&rsquo;action. <\/span><\/p>\n\t\t<\/div>\n\t\t\t\t\n<style>\n#col-893505935 > .col-inner {\n  padding: 10px 25px 0px 30px;\n}\n@media (min-width:550px) {\n  #col-893505935 > .col-inner {\n    padding: 0px 0px 0px 45px;\n  }\n}\n<\/style>\n\t<\/div>\n\n\t\n\n<style>\n#row-302815915 > .col > .col-inner {\n  padding: 200px 0px 20px 0px;\n}\n<\/style>\n<\/div>\n\t\t<\/div>\n\n\t\t\n<style>\n#section_938832779 {\n  padding-top: 30px;\n  padding-bottom: 30px;\n  min-height: 400px;\n  background-color: rgb(40, 40, 40);\n}\n#section_938832779 .section-bg-overlay {\n  background-color: rgba(0, 0, 0, 0.65);\n}\n#section_938832779 .ux-shape-divider--bottom svg {\n  height: 100px;\n  --divider-width: 200%;\n}\n@media (min-width:550px) {\n  #section_938832779 {\n    min-height: 650px;\n  }\n  #section_938832779 .ux-shape-divider--bottom svg {\n    --divider-width: 125%;\n  }\n}\n<\/style>\n\t<\/section>\n\t\n\t<div id=\"gap-1890730290\" class=\"gap-element clearfix\" style=\"display:block; height:auto;\">\n\t\t\n<style>\n#gap-1890730290 {\n  padding-top: 60px;\n}\n<\/style>\n\t<\/div>\n\t\n\n\t<section class=\"section\" id=\"section_15043156\">\n\t\t<div class=\"section-bg fill\" >\n\t\t\t\t\t\t\t\t\t\n\t\t\t\n\n\t\t<\/div>\n\n\t\t\n\n\t\t<div class=\"section-content relative\">\n\t\t\t\n<div class=\"row\"  id=\"row-1110110464\">\n\n\t<div id=\"col-1531729047\" class=\"col small-12 large-12\"  >\n\t\t\t\t<div class=\"col-inner\"  >\n\t\t\t\n\t\t\t\n<p>Depuis la m\u00e9morable s\u00e9rie de hockey au sommet Canada-Russie de 1974, nos graphiques de haute qualit\u00e9 sur les tableaux d&rsquo;affichage ont fait leur apparition dans les ar\u00e9nas et les stades du monde entier. Pionniers dans notre domaine, notre r\u00e9putation est enviable et notre capacit\u00e9 de r\u00e9action&#8230; l\u00e9gendaire !<\/p>\n<p>Avec un r\u00e9seau de plus de 40 \u00e9quipes professionnelles et exp\u00e9riment\u00e9es en Am\u00e9rique du Nord, en Europe et en Asie, nous pouvons vous offrir une proposition cl\u00e9 en main pour la production, l&rsquo;installation et l&rsquo;entretien de votre programme publicitaire sur les tableaux d&rsquo;affichage, \u00e0 court ou \u00e0 long terme.<\/p>\n\t<div class=\"img has-hover x md-x lg-x y md-y lg-y\" id=\"image_186286995\">\n\t\t\t\t\t\t\t\t<div class=\"img-inner dark\" >\n\t\t\t<img data-recalc-dims=\"1\" loading=\"lazy\" decoding=\"async\" width=\"1020\" height=\"574\" src=\"https:\/\/i0.wp.com\/rinkboards.com\/wp-content\/uploads\/2022\/07\/About-Us.jpg?resize=1020%2C574&#038;ssl=1\" class=\"attachment-original size-original\" alt=\"\" srcset=\"https:\/\/i0.wp.com\/rinkboards.com\/wp-content\/uploads\/2022\/07\/About-Us.jpg?w=2000&amp;ssl=1 2000w, https:\/\/i0.wp.com\/rinkboards.com\/wp-content\/uploads\/2022\/07\/About-Us.jpg?resize=300%2C169&amp;ssl=1 300w, https:\/\/i0.wp.com\/rinkboards.com\/wp-content\/uploads\/2022\/07\/About-Us.jpg?resize=1024%2C576&amp;ssl=1 1024w, https:\/\/i0.wp.com\/rinkboards.com\/wp-content\/uploads\/2022\/07\/About-Us.jpg?resize=768%2C432&amp;ssl=1 768w, https:\/\/i0.wp.com\/rinkboards.com\/wp-content\/uploads\/2022\/07\/About-Us.jpg?resize=1536%2C864&amp;ssl=1 1536w\" sizes=\"auto, (max-width: 1020px) 100vw, 1020px\" title=\"\">\t\t\t\t\t\t\n\t\t\t\t\t<\/div>\n\t\t\t\t\t\t\t\t\n<style>\n#image_186286995 {\n  width: 100%;\n}\n<\/style>\n\t<\/div>\n\t\n\t\t<\/div>\n\t\t\t\t\t<\/div>\n\n\t\n<\/div>\n\t\t<\/div>\n\n\t\t\n<style>\n#section_15043156 {\n  padding-top: 30px;\n  padding-bottom: 30px;\n}\n<\/style>\n\t<\/section>\n\t\n","protected":false},"excerpt":{"rendered":"","protected":false},"author":3,"featured_media":0,"parent":0,"menu_order":0,"comment_status":"closed","ping_status":"closed","template":"page-transparent-header-light.php","meta":{"inline_featured_image":false,"footnotes":""},"class_list":["post-570","page","type-page","status-publish","hentry"],"jetpack_sharing_enabled":true,"_links":{"self":[{"href":"https:\/\/rinkboards.com\/fr\/wp-json\/wp\/v2\/pages\/570","targetHints":{"allow":["GET"]}}],"collection":[{"href":"https:\/\/rinkboards.com\/fr\/wp-json\/wp\/v2\/pages"}],"about":[{"href":"https:\/\/rinkboards.com\/fr\/wp-json\/wp\/v2\/types\/page"}],"author":[{"embeddable":true,"href":"https:\/\/rinkboards.com\/fr\/wp-json\/wp\/v2\/users\/3"}],"replies":[{"embeddable":true,"href":"https:\/\/rinkboards.com\/fr\/wp-json\/wp\/v2\/comments?post=570"}],"version-history":[{"count":27,"href":"https:\/\/rinkboards.com\/fr\/wp-json\/wp\/v2\/pages\/570\/revisions"}],"predecessor-version":[{"id":5786,"href":"https:\/\/rinkboards.com\/fr\/wp-json\/wp\/v2\/pages\/570\/revisions\/5786"}],"wp:attachment":[{"href":"https:\/\/rinkboards.com\/fr\/wp-json\/wp\/v2\/media?parent=570"}],"curies":[{"name":"wp","href":"https:\/\/api.w.org\/{rel}","templated":true}]}}