{"id":5743,"date":"2022-06-28T22:21:04","date_gmt":"2022-06-29T02:21:04","guid":{"rendered":"http:\/\/54.39.202.149\/~rinkboardsdev\/nos-produits\/display-graphics\/"},"modified":"2022-08-25T09:24:28","modified_gmt":"2022-08-25T13:24:28","slug":"affichage-grand-format","status":"publish","type":"page","link":"https:\/\/rinkboards.com\/fr\/nos-produits\/affichage-grand-format\/","title":{"rendered":"Affichage grand format"},"content":{"rendered":"\n\t<section class=\"section dark has-parallax\" id=\"section_111127390\">\n\t\t<div class=\"section-bg fill\" data-parallax-container=\".section\" data-parallax-background data-parallax=\"-2\">\n\t\t\t<img data-recalc-dims=\"1\" loading=\"lazy\" decoding=\"async\" width=\"1020\" height=\"398\" src=\"https:\/\/i0.wp.com\/rinkboards.com\/wp-content\/uploads\/2022\/06\/Display-Graphics.jpg?resize=1020%2C398&#038;ssl=1\" class=\"bg attachment-original size-original\" alt=\"\" title=\"\">\t\t\t\t\t\t<div class=\"section-bg-overlay absolute fill\"><\/div>\n\t\t\t\n\n\t\t<\/div>\n\n\t\t\n\t<div class=\"ux-shape-divider ux-shape-divider--bottom ux-shape-divider--style-tilt\">\n\t\t<svg viewBox=\"0 0 1000 100\" xmlns=\"http:\/\/www.w3.org\/2000\/svg\" preserveAspectRatio=\"none\">\n\t<path class=\"ux-shape-fill\" d=\"M1000 100V0L-40 100H1000Z\"\/>\n<\/svg>\n\t<\/div>\n\n\t\t<div class=\"section-content relative\">\n\t\t\t\n<div class=\"row align-middle align-center\"  id=\"row-32130264\">\n\n\t<div id=\"col-2038954162\" class=\"col medium-10 small-11 large-10\"  >\n\t\t\t\t<div class=\"col-inner text-center\"  >\n\t\t\t\n\t\t\t\n<h1><span style=\"font-size: 180%;\">AFFICHAGE GRAND FORMAT D&rsquo;ARENA<\/span><\/h1>\n<p class=\"thin-font lead\"><span style=\"font-size: 95%;\">Nous fabriquons et installons des murales de vinyle, de l\u2019affichage directionnel au sol, des banni\u00e8res ext\u00e9rieures et int\u00e9rieures, de l\u2019habillage de vitrine, et des lettrages de v\u00e9hicules.<\/span><\/p>\n\t\t<\/div>\n\t\t\t\t\n<style>\n#col-2038954162 > .col-inner {\n  padding: 10px 25px 0px 30px;\n}\n@media (min-width:550px) {\n  #col-2038954162 > .col-inner {\n    padding: 0px 0px 0px 45px;\n  }\n}\n<\/style>\n\t<\/div>\n\n\t\n\n<style>\n#row-32130264 > .col > .col-inner {\n  padding: 200px 0px 20px 0px;\n}\n<\/style>\n<\/div>\n\t\t<\/div>\n\n\t\t\n<style>\n#section_111127390 {\n  padding-top: 30px;\n  padding-bottom: 30px;\n  min-height: 400px;\n  background-color: rgb(40, 40, 40);\n}\n#section_111127390 .section-bg-overlay {\n  background-color: rgba(0, 0, 0, 0.65);\n}\n#section_111127390 .ux-shape-divider--bottom svg {\n  height: 100px;\n  --divider-width: 200%;\n}\n@media (min-width:550px) {\n  #section_111127390 {\n    min-height: 650px;\n  }\n  #section_111127390 .ux-shape-divider--bottom svg {\n    --divider-width: 125%;\n  }\n}\n<\/style>\n\t<\/section>\n\t\n\n\t<section class=\"section\" id=\"section_1013620829\">\n\t\t<div class=\"section-bg fill\" >\n\t\t\t\t\t\t\t\t\t\n\t\t\t\n\n\t\t<\/div>\n\n\t\t\n\n\t\t<div class=\"section-content relative\">\n\t\t\t\n<div class=\"row row-collapse row-full-width align-middle\"  id=\"row-1001462624\">\n\n\t<div id=\"col-1616579926\" class=\"col medium-6 small-12 large-6\"  >\n\t\t\t\t<div class=\"col-inner\"  >\n\t\t\t\n\t\t\t\n<h2><span style=\"font-size: 120%;\">Murales<\/span><\/h2>\n<p>Faites la promotion de votre entreprise \u00e0 l&rsquo;int\u00e9rieur, \u00e0 l&rsquo;ext\u00e9rieur ou m\u00eame sur vos immenses murs. Ce type d\u2019affichage rejoint efficacement votre client\u00e8le comme vous avez de l\u2019espace pour laisser place \u00e0 votre imagination et inclure des images et graphiques tape \u00e0 l&rsquo;\u0153il.<\/p>\n\t<div id=\"gap-1272541816\" class=\"gap-element clearfix\" style=\"display:block; height:auto;\">\n\t\t\n<style>\n#gap-1272541816 {\n  padding-top: 10px;\n}\n<\/style>\n\t<\/div>\n\t\n<a href=\"https:\/\/www.mirazed.com\/nos-produits\/habillage-mural-vitrine\/\" target=\"_blank\" class=\"button secondary\" rel=\"noopener\">\n\t\t<span>En savoir plus<\/span>\n\t<i class=\"icon-angle-right\" aria-hidden=\"true\"><\/i><\/a>\n\n\t\t<\/div>\n\t\t\t\t\n<style>\n#col-1616579926 > .col-inner {\n  padding: 0px 100px 0px 100px;\n}\n<\/style>\n\t<\/div>\n\n\t\n\n\t<div id=\"col-456380531\" class=\"col medium-6 small-12 large-6\"  >\n\t\t\t\t<div class=\"col-inner\"  >\n\t\t\t\n\t\t\t\n\t<div class=\"img has-hover x md-x lg-x y md-y lg-y\" id=\"image_655880204\">\n\t\t<a class=\"\" href=\"https:\/\/www.mirazed.com\/nos-produits\/habillage-mural-vitrine\/\" target=\"_blank\" rel=\"noopener\">\t\t\t\t\t\t<div class=\"img-inner dark\" >\n\t\t\t<img data-recalc-dims=\"1\" loading=\"lazy\" decoding=\"async\" width=\"900\" height=\"603\" src=\"https:\/\/i0.wp.com\/rinkboards.com\/wp-content\/uploads\/2022\/07\/Mural.png?resize=900%2C603&#038;ssl=1\" class=\"attachment-original size-original\" alt=\"\" srcset=\"https:\/\/i0.wp.com\/rinkboards.com\/wp-content\/uploads\/2022\/07\/Mural.png?w=900&amp;ssl=1 900w, https:\/\/i0.wp.com\/rinkboards.com\/wp-content\/uploads\/2022\/07\/Mural.png?resize=300%2C201&amp;ssl=1 300w, https:\/\/i0.wp.com\/rinkboards.com\/wp-content\/uploads\/2022\/07\/Mural.png?resize=768%2C515&amp;ssl=1 768w\" sizes=\"auto, (max-width: 900px) 100vw, 900px\" title=\"\">\t\t\t\t\t\t\n\t\t\t\t\t<\/div>\n\t\t\t\t\t\t<\/a>\t\t\n<style>\n#image_655880204 {\n  width: 100%;\n}\n<\/style>\n\t<\/div>\n\t\n\t\t<\/div>\n\t\t\t\t\t<\/div>\n\n\t\n<\/div>\n\t<div id=\"gap-766794560\" class=\"gap-element clearfix\" style=\"display:block; height:auto;\">\n\t\t\n<style>\n#gap-766794560 {\n  padding-top: 60px;\n}\n<\/style>\n\t<\/div>\n\t\n<div class=\"row row-collapse row-full-width align-middle\"  id=\"row-741611734\">\n\n\t<div id=\"col-2056798501\" class=\"col medium-6 small-12 large-6\"  >\n\t\t\t\t<div class=\"col-inner\"  >\n\t\t\t\n\t\t\t\n\t<div class=\"img has-hover x md-x lg-x y md-y lg-y\" id=\"image_1332760804\">\n\t\t<a class=\"\" href=\"https:\/\/www.mirazed.com\/nos-produits\/autocollants\/\" target=\"_blank\" rel=\"noopener\">\t\t\t\t\t\t<div class=\"img-inner dark\" >\n\t\t\t<img data-recalc-dims=\"1\" loading=\"lazy\" decoding=\"async\" width=\"900\" height=\"603\" src=\"https:\/\/i0.wp.com\/rinkboards.com\/wp-content\/uploads\/2022\/07\/Floor-Decals.png?resize=900%2C603&#038;ssl=1\" class=\"attachment-original size-original\" alt=\"\" srcset=\"https:\/\/i0.wp.com\/rinkboards.com\/wp-content\/uploads\/2022\/07\/Floor-Decals.png?w=900&amp;ssl=1 900w, https:\/\/i0.wp.com\/rinkboards.com\/wp-content\/uploads\/2022\/07\/Floor-Decals.png?resize=300%2C201&amp;ssl=1 300w, https:\/\/i0.wp.com\/rinkboards.com\/wp-content\/uploads\/2022\/07\/Floor-Decals.png?resize=768%2C515&amp;ssl=1 768w\" sizes=\"auto, (max-width: 900px) 100vw, 900px\" title=\"\">\t\t\t\t\t\t\n\t\t\t\t\t<\/div>\n\t\t\t\t\t\t<\/a>\t\t\n<style>\n#image_1332760804 {\n  width: 100%;\n}\n<\/style>\n\t<\/div>\n\t\n\t\t<\/div>\n\t\t\t\t\t<\/div>\n\n\t\n\n\t<div id=\"col-1777649021\" class=\"col medium-6 small-12 large-6\"  >\n\t\t\t\t<div class=\"col-inner\"  >\n\t\t\t\n\t\t\t\n<h2><span style=\"font-size: 120%;\">Autocollants de plancher<\/span><\/h2>\n<p>Ces impressions peuvent \u00eatre plac\u00e9es sur presque toutes les surfaces car elles sont imprim\u00e9es sur du vinyle adh\u00e9sif \u00e0 plancher avec un support autocollant haute qualit\u00e9.<\/p>\n\t<div id=\"gap-1156474748\" class=\"gap-element clearfix\" style=\"display:block; height:auto;\">\n\t\t\n<style>\n#gap-1156474748 {\n  padding-top: 10px;\n}\n<\/style>\n\t<\/div>\n\t\n<a href=\"https:\/\/www.mirazed.com\/nos-produits\/autocollants\/\" target=\"_blank\" class=\"button secondary\" rel=\"noopener\">\n\t\t<span>En savoir plus<\/span>\n\t<i class=\"icon-angle-right\" aria-hidden=\"true\"><\/i><\/a>\n\n\t\t<\/div>\n\t\t\t\t\n<style>\n#col-1777649021 > .col-inner {\n  padding: 0px 100px 0px 100px;\n}\n<\/style>\n\t<\/div>\n\n\t\n<\/div>\n\t<div id=\"gap-1275116941\" class=\"gap-element clearfix\" style=\"display:block; height:auto;\">\n\t\t\n<style>\n#gap-1275116941 {\n  padding-top: 60px;\n}\n<\/style>\n\t<\/div>\n\t\n<div class=\"row row-collapse row-full-width align-middle\"  id=\"row-1273577606\">\n\n\t<div id=\"col-1014787518\" class=\"col medium-6 small-12 large-6\"  >\n\t\t\t\t<div class=\"col-inner\"  >\n\t\t\t\n\t\t\t\n<h2><span style=\"font-size: 120%;\">Banni\u00e8res et affiches<\/span><\/h2>\n<p>Pour faire la publicit\u00e9 de votre organisation, choisissez parmi une vari\u00e9t\u00e9 de nos options, y compris les affiches, les banni\u00e8res, les autocollants, et plus encore.<\/p>\n\t<div id=\"gap-1191824624\" class=\"gap-element clearfix\" style=\"display:block; height:auto;\">\n\t\t\n<style>\n#gap-1191824624 {\n  padding-top: 10px;\n}\n<\/style>\n\t<\/div>\n\t\n<a href=\"https:\/\/www.mirazed.com\/nos-produits\/grand-format\/\" target=\"_blank\" class=\"button secondary\" rel=\"noopener\">\n\t\t<span>En savoir plus<\/span>\n\t<i class=\"icon-angle-right\" aria-hidden=\"true\"><\/i><\/a>\n\n\t\t<\/div>\n\t\t\t\t\n<style>\n#col-1014787518 > .col-inner {\n  padding: 0px 100px 0px 100px;\n}\n<\/style>\n\t<\/div>\n\n\t\n\n\t<div id=\"col-2039201486\" class=\"col medium-6 small-12 large-6\"  >\n\t\t\t\t<div class=\"col-inner\"  >\n\t\t\t\n\t\t\t\n\t<div class=\"img has-hover x md-x lg-x y md-y lg-y\" id=\"image_1180715616\">\n\t\t<a class=\"\" href=\"https:\/\/www.mirazed.com\/nos-produits\/grand-format\/bannieres\/\" target=\"_blank\" rel=\"noopener\">\t\t\t\t\t\t<div class=\"img-inner dark\" >\n\t\t\t<img data-recalc-dims=\"1\" loading=\"lazy\" decoding=\"async\" width=\"900\" height=\"603\" src=\"https:\/\/i0.wp.com\/rinkboards.com\/wp-content\/uploads\/2022\/07\/Banner.png?resize=900%2C603&#038;ssl=1\" class=\"attachment-original size-original\" alt=\"\" srcset=\"https:\/\/i0.wp.com\/rinkboards.com\/wp-content\/uploads\/2022\/07\/Banner.png?w=900&amp;ssl=1 900w, https:\/\/i0.wp.com\/rinkboards.com\/wp-content\/uploads\/2022\/07\/Banner.png?resize=300%2C201&amp;ssl=1 300w, https:\/\/i0.wp.com\/rinkboards.com\/wp-content\/uploads\/2022\/07\/Banner.png?resize=768%2C515&amp;ssl=1 768w\" sizes=\"auto, (max-width: 900px) 100vw, 900px\" title=\"\">\t\t\t\t\t\t\n\t\t\t\t\t<\/div>\n\t\t\t\t\t\t<\/a>\t\t\n<style>\n#image_1180715616 {\n  width: 100%;\n}\n<\/style>\n\t<\/div>\n\t\n\t\t<\/div>\n\t\t\t\t\t<\/div>\n\n\t\n<\/div>\n\t<div id=\"gap-407638766\" class=\"gap-element clearfix\" style=\"display:block; height:auto;\">\n\t\t\n<style>\n#gap-407638766 {\n  padding-top: 60px;\n}\n<\/style>\n\t<\/div>\n\t\n<div class=\"row row-collapse row-full-width align-middle\"  id=\"row-1289219984\">\n\n\t<div id=\"col-1977941839\" class=\"col medium-6 small-12 large-6\"  >\n\t\t\t\t<div class=\"col-inner\"  >\n\t\t\t\n\t\t\t\n\t<div class=\"img has-hover x md-x lg-x y md-y lg-y\" id=\"image_963777331\">\n\t\t<a class=\"\" href=\"https:\/\/www.mirazed.com\/nos-produits\/habillage-mural-vitrine\/\" target=\"_blank\" rel=\"noopener\">\t\t\t\t\t\t<div class=\"img-inner dark\" >\n\t\t\t<img data-recalc-dims=\"1\" loading=\"lazy\" decoding=\"async\" width=\"900\" height=\"603\" src=\"https:\/\/i0.wp.com\/rinkboards.com\/wp-content\/uploads\/2022\/07\/Glass-Decals.png?resize=900%2C603&#038;ssl=1\" class=\"attachment-original size-original\" alt=\"\" srcset=\"https:\/\/i0.wp.com\/rinkboards.com\/wp-content\/uploads\/2022\/07\/Glass-Decals.png?w=900&amp;ssl=1 900w, https:\/\/i0.wp.com\/rinkboards.com\/wp-content\/uploads\/2022\/07\/Glass-Decals.png?resize=300%2C201&amp;ssl=1 300w, https:\/\/i0.wp.com\/rinkboards.com\/wp-content\/uploads\/2022\/07\/Glass-Decals.png?resize=768%2C515&amp;ssl=1 768w\" sizes=\"auto, (max-width: 900px) 100vw, 900px\" title=\"\">\t\t\t\t\t\t\n\t\t\t\t\t<\/div>\n\t\t\t\t\t\t<\/a>\t\t\n<style>\n#image_963777331 {\n  width: 100%;\n}\n<\/style>\n\t<\/div>\n\t\n\t\t<\/div>\n\t\t\t\t\t<\/div>\n\n\t\n\n\t<div id=\"col-590315648\" class=\"col medium-6 small-12 large-6\"  >\n\t\t\t\t<div class=\"col-inner\"  >\n\t\t\t\n\t\t\t\n<h2><span style=\"font-size: 120%;\">Habillage de vitrines<\/span><\/h2>\n<p>Nous proposons une large gamme d&rsquo;autocollants pour fen\u00eatres opaques et transparents, sp\u00e9cialement con\u00e7us pour promouvoir votre entreprise aupr\u00e8s de clients potentiels.<\/p>\n\t<div id=\"gap-839560145\" class=\"gap-element clearfix\" style=\"display:block; height:auto;\">\n\t\t\n<style>\n#gap-839560145 {\n  padding-top: 10px;\n}\n<\/style>\n\t<\/div>\n\t\n<a href=\"https:\/\/www.mirazed.com\/nos-produits\/habillage-mural-vitrine\/\" target=\"_blank\" class=\"button secondary\" rel=\"noopener\">\n\t\t<span>En savoir plus<\/span>\n\t<i class=\"icon-angle-right\" aria-hidden=\"true\"><\/i><\/a>\n\n\t\t<\/div>\n\t\t\t\t\n<style>\n#col-590315648 > .col-inner {\n  padding: 0px 100px 0px 100px;\n}\n<\/style>\n\t<\/div>\n\n\t\n<\/div>\n\t<div id=\"gap-1499043095\" class=\"gap-element clearfix\" style=\"display:block; height:auto;\">\n\t\t\n<style>\n#gap-1499043095 {\n  padding-top: 60px;\n}\n<\/style>\n\t<\/div>\n\t\n<div class=\"row row-collapse row-full-width align-middle\"  id=\"row-414842999\">\n\n\t<div id=\"col-812830618\" class=\"col medium-6 small-12 large-6\"  >\n\t\t\t\t<div class=\"col-inner\"  >\n\t\t\t\n\t\t\t\n<h2><span style=\"font-size: 120%;\">Lettrage de v\u00e9hicules<\/span><\/h2>\n<p>Mettez votre entreprise et ses produits en avant aupr\u00e8s de clients potentiels en les personnalisant avec des graphiques \u00e9clatants.<\/p>\n\t<div id=\"gap-422392652\" class=\"gap-element clearfix\" style=\"display:block; height:auto;\">\n\t\t\n<style>\n#gap-422392652 {\n  padding-top: 10px;\n}\n<\/style>\n\t<\/div>\n\t\n<a href=\"https:\/\/www.mirazed.com\/nos-produits\/lettrage-et-habillage-de-vehicule\/\" target=\"_blank\" class=\"button secondary\" rel=\"noopener\">\n\t\t<span>En savoir plus<\/span>\n\t<i class=\"icon-angle-right\" aria-hidden=\"true\"><\/i><\/a>\n\n\t\t<\/div>\n\t\t\t\t\n<style>\n#col-812830618 > .col-inner {\n  padding: 0px 100px 0px 100px;\n}\n<\/style>\n\t<\/div>\n\n\t\n\n\t<div id=\"col-1379186667\" class=\"col medium-6 small-12 large-6\"  >\n\t\t\t\t<div class=\"col-inner\"  >\n\t\t\t\n\t\t\t\n\t<div class=\"img has-hover x md-x lg-x y md-y lg-y\" id=\"image_850971690\">\n\t\t<a class=\"\" href=\"https:\/\/www.mirazed.com\/nos-produits\/lettrage-et-habillage-de-vehicule\/\" target=\"_blank\" rel=\"noopener\">\t\t\t\t\t\t<div class=\"img-inner dark\" >\n\t\t\t<img data-recalc-dims=\"1\" loading=\"lazy\" decoding=\"async\" width=\"900\" height=\"603\" src=\"https:\/\/i0.wp.com\/rinkboards.com\/wp-content\/uploads\/2022\/07\/Vehicule-Wrap.png?resize=900%2C603&#038;ssl=1\" class=\"attachment-original size-original\" alt=\"\" srcset=\"https:\/\/i0.wp.com\/rinkboards.com\/wp-content\/uploads\/2022\/07\/Vehicule-Wrap.png?w=900&amp;ssl=1 900w, https:\/\/i0.wp.com\/rinkboards.com\/wp-content\/uploads\/2022\/07\/Vehicule-Wrap.png?resize=300%2C201&amp;ssl=1 300w, https:\/\/i0.wp.com\/rinkboards.com\/wp-content\/uploads\/2022\/07\/Vehicule-Wrap.png?resize=768%2C515&amp;ssl=1 768w\" sizes=\"auto, (max-width: 900px) 100vw, 900px\" title=\"\">\t\t\t\t\t\t\n\t\t\t\t\t<\/div>\n\t\t\t\t\t\t<\/a>\t\t\n<style>\n#image_850971690 {\n  width: 100%;\n}\n<\/style>\n\t<\/div>\n\t\n\t\t<\/div>\n\t\t\t\t\t<\/div>\n\n\t\n<\/div>\n\t\t<\/div>\n\n\t\t\n<style>\n#section_1013620829 {\n  padding-top: 30px;\n  padding-bottom: 30px;\n}\n<\/style>\n\t<\/section>\n\t\n","protected":false},"excerpt":{"rendered":"","protected":false},"author":3,"featured_media":0,"parent":24,"menu_order":0,"comment_status":"closed","ping_status":"closed","template":"","meta":{"inline_featured_image":false,"footnotes":""},"class_list":["post-5743","page","type-page","status-publish","hentry"],"jetpack_sharing_enabled":true,"_links":{"self":[{"href":"https:\/\/rinkboards.com\/fr\/wp-json\/wp\/v2\/pages\/5743","targetHints":{"allow":["GET"]}}],"collection":[{"href":"https:\/\/rinkboards.com\/fr\/wp-json\/wp\/v2\/pages"}],"about":[{"href":"https:\/\/rinkboards.com\/fr\/wp-json\/wp\/v2\/types\/page"}],"author":[{"embeddable":true,"href":"https:\/\/rinkboards.com\/fr\/wp-json\/wp\/v2\/users\/3"}],"replies":[{"embeddable":true,"href":"https:\/\/rinkboards.com\/fr\/wp-json\/wp\/v2\/comments?post=5743"}],"version-history":[{"count":17,"href":"https:\/\/rinkboards.com\/fr\/wp-json\/wp\/v2\/pages\/5743\/revisions"}],"predecessor-version":[{"id":5792,"href":"https:\/\/rinkboards.com\/fr\/wp-json\/wp\/v2\/pages\/5743\/revisions\/5792"}],"up":[{"embeddable":true,"href":"https:\/\/rinkboards.com\/fr\/wp-json\/wp\/v2\/pages\/24"}],"wp:attachment":[{"href":"https:\/\/rinkboards.com\/fr\/wp-json\/wp\/v2\/media?parent=5743"}],"curies":[{"name":"wp","href":"https:\/\/api.w.org\/{rel}","templated":true}]}}