{"id":5755,"date":"2022-06-29T11:08:56","date_gmt":"2022-06-29T15:08:56","guid":{"rendered":"http:\/\/54.39.202.149\/~rinkboardsdev\/nos-services\/maintenance-program\/"},"modified":"2022-08-23T14:32:09","modified_gmt":"2022-08-23T18:32:09","slug":"programme-de-maintenance","status":"publish","type":"page","link":"https:\/\/rinkboards.com\/fr\/nos-services\/programme-de-maintenance\/","title":{"rendered":"Programme de maintenance"},"content":{"rendered":"\n\t<section class=\"section dark has-parallax\" id=\"section_826174367\">\n\t\t<div class=\"section-bg fill\" data-parallax-container=\".section\" data-parallax-background data-parallax=\"-2\">\n\t\t\t<img data-recalc-dims=\"1\" loading=\"lazy\" decoding=\"async\" width=\"1020\" height=\"398\" src=\"https:\/\/i0.wp.com\/rinkboards.com\/wp-content\/uploads\/2022\/07\/Maintenance.jpg?resize=1020%2C398&#038;ssl=1\" class=\"bg attachment-original size-original\" alt=\"\" title=\"\">\t\t\t\t\t\t<div class=\"section-bg-overlay absolute fill\"><\/div>\n\t\t\t\n\n\t\t<\/div>\n\n\t\t\n\t<div class=\"ux-shape-divider ux-shape-divider--bottom ux-shape-divider--style-tilt\">\n\t\t<svg viewBox=\"0 0 1000 100\" xmlns=\"http:\/\/www.w3.org\/2000\/svg\" preserveAspectRatio=\"none\">\n\t<path class=\"ux-shape-fill\" d=\"M1000 100V0L-40 100H1000Z\"\/>\n<\/svg>\n\t<\/div>\n\n\t\t<div class=\"section-content relative\">\n\t\t\t\n<div class=\"row align-middle align-center\"  id=\"row-1823363393\">\n\n\t<div id=\"col-262092658\" class=\"col medium-10 small-11 large-10\"  >\n\t\t\t\t<div class=\"col-inner text-center\"  >\n\t\t\t\n\t\t\t\n<h1><span style=\"font-size: 180%;\">PROGRAMME DE MAINTENANCE DE VOS RINKBOARDS\u2122<\/span><\/h1>\n<p class=\"thin-font lead\"><span style=\"font-size: 95%;\">Notre programme d&rsquo;entretien pr\u00e9voit des cycles de remplacement hebdomadaires et mensuels r\u00e9guliers et convient \u00e0 tous les budgets, qu&rsquo;il s&rsquo;agisse de petits ou de grands march\u00e9s.<\/span><\/p>\n\t\t<\/div>\n\t\t\t\t\n<style>\n#col-262092658 > .col-inner {\n  padding: 10px 25px 0px 30px;\n}\n@media (min-width:550px) {\n  #col-262092658 > .col-inner {\n    padding: 0px 0px 0px 45px;\n  }\n}\n<\/style>\n\t<\/div>\n\n\t\n\n<style>\n#row-1823363393 > .col > .col-inner {\n  padding: 200px 0px 20px 0px;\n}\n<\/style>\n<\/div>\n\t\t<\/div>\n\n\t\t\n<style>\n#section_826174367 {\n  padding-top: 30px;\n  padding-bottom: 30px;\n  min-height: 400px;\n  background-color: rgb(40, 40, 40);\n}\n#section_826174367 .section-bg-overlay {\n  background-color: rgba(0, 0, 0, 0.65);\n}\n#section_826174367 .section-bg img {\n  object-position: 0% 51%;\n}\n#section_826174367 .ux-shape-divider--bottom svg {\n  height: 100px;\n  --divider-width: 200%;\n}\n@media (min-width:550px) {\n  #section_826174367 {\n    min-height: 650px;\n  }\n  #section_826174367 .ux-shape-divider--bottom svg {\n    --divider-width: 125%;\n  }\n}\n<\/style>\n\t<\/section>\n\t\n\n\t<section class=\"section\" id=\"section_1883601121\">\n\t\t<div class=\"section-bg fill\" >\n\t\t\t\t\t\t\t\t\t\n\t\t\t\n\n\t\t<\/div>\n\n\t\t\n\n\t\t<div class=\"section-content relative\">\n\t\t\t\n<div class=\"row\"  id=\"row-647130143\">\n\n\t<div id=\"col-1089878167\" class=\"col small-12 large-12\"  >\n\t\t\t\t<div class=\"col-inner\"  >\n\t\t\t\n\t\t\t\n<h2><span style=\"font-size: 120%;\" data-preserver-spaces=\"true\">Un service mondial<\/span><\/h2>\n<p>Le programme d&rsquo;entretien Rinkboards\u2122 d\u00e9bute imm\u00e9diatement apr\u00e8s l\u2019approbation de la maquette par le client, \u00e0 notre d\u00e9partement de conception. Il fournit un service complet o\u00f9 vous n&rsquo;avez pas \u00e0 vous occuper du contr\u00f4le des stocks, de l\u2019entreposage, de l&rsquo;installation et de l&rsquo;entretien quotidien des Rinkboards\u2122.<\/p>\n<p>Le programme peut varier consid\u00e9rablement selon le niveau de la ligue. Nous faisons de la maintenance au niveau de la Ligue nationale de hockey et de la Ligue canadienne de hockey, autant que pour les \u00e9v\u00e9nements comme les Championnats du monde de patinage artistique, les Championnats du monde de hockey junior de l&rsquo;IIHF, les publicit\u00e9s t\u00e9l\u00e9vis\u00e9es, les s\u00e9ances de photos, de tournages de films et tout ce qui se trouve entre les deux.<\/p>\n<p>Au niveau de la NHL, nous fournissons un service complet qui comprend la production, l&rsquo;inventaire, le stockage et l&rsquo;installation avec des changements \u00e0 chaque match et des changements \u00ab\u00a0en cours de match\u00a0\u00bb pendant les entractes.<br \/>\n<\/span><\/p>\n\t<div class=\"img has-hover x md-x lg-x y md-y lg-y\" id=\"image_1968698493\">\n\t\t\t\t\t\t\t\t<div class=\"img-inner image-cover dark\" style=\"padding-top:50%;\">\n\t\t\t<img data-recalc-dims=\"1\" loading=\"lazy\" decoding=\"async\" width=\"1020\" height=\"398\" src=\"https:\/\/i0.wp.com\/rinkboards.com\/wp-content\/uploads\/2022\/07\/Maintenance.jpg?resize=1020%2C398&#038;ssl=1\" class=\"attachment-original size-original\" alt=\"\" srcset=\"https:\/\/i0.wp.com\/rinkboards.com\/wp-content\/uploads\/2022\/07\/Maintenance.jpg?w=1280&amp;ssl=1 1280w, https:\/\/i0.wp.com\/rinkboards.com\/wp-content\/uploads\/2022\/07\/Maintenance.jpg?resize=300%2C117&amp;ssl=1 300w, https:\/\/i0.wp.com\/rinkboards.com\/wp-content\/uploads\/2022\/07\/Maintenance.jpg?resize=1024%2C400&amp;ssl=1 1024w, https:\/\/i0.wp.com\/rinkboards.com\/wp-content\/uploads\/2022\/07\/Maintenance.jpg?resize=768%2C300&amp;ssl=1 768w\" sizes=\"auto, (max-width: 1020px) 100vw, 1020px\" title=\"\">\t\t\t\t\t\t\n\t\t\t\t\t<\/div>\n\t\t\t\t\t\t\t\t\n<style>\n#image_1968698493 {\n  width: 100%;\n}\n<\/style>\n\t<\/div>\n\t\n<p><span data-preserver-spaces=\"true\">Dans le hockey junior majeur, nous nous effor\u00e7ons de maintenir la plus haute qualit\u00e9, en pr\u00e9servant les marques repr\u00e9sent\u00e9es dans la Ligue canadienne de hockey pour les entreprises commanditaires locales et nationales. Nous pouvons nous adapter \u00e0 tous les budgets, dans les march\u00e9s de petite et de grande taille, gr\u00e2ce \u00e0 des programmes personnalisables qui pr\u00e9voient des cycles de remplacement hebdomadaires et mensuels r\u00e9guliers.<\/p>\n<p>Un programme d&rsquo;entretien personnalis\u00e9, quel que soit le niveau, fait de la patinoire un environnement plus s\u00fbr pour toutes les parties concern\u00e9es. Les athl\u00e8tes, les locataires, les propri\u00e9taires, les municipalit\u00e9s et les directeurs de leurs sports respectifs sont tous les b\u00e9n\u00e9ficiaires d&rsquo;un entretien r\u00e9gulier des bandes de patinoire.<\/p>\n<p>La formulation de nos produits, dont l&rsquo;utilisation est approuv\u00e9e dans le monde entier par la NHL, la CHL, l&rsquo;IIHF et l&rsquo;ISU, nous a permis de repr\u00e9senter des marques reconnues mondialement pendant de nombreuses ann\u00e9es. <\/p>\n<p>Depuis 1974, nous sommes au c\u0153ur de l\u2019action ! Demandez-nous comment nous pouvons personnaliser un programme pour vos commanditaires d&rsquo;entreprise dans le hockey, le patinage, le curling, le divertissement et de nombreux autres \u00e9v\u00e9nements sp\u00e9ciaux dans le monde entier.<br \/>\n<\/span><\/p>\n\t\t<\/div>\n\t\t\t\t\t<\/div>\n\n\t\n<\/div>\n\t\t<\/div>\n\n\t\t\n<style>\n#section_1883601121 {\n  padding-top: 30px;\n  padding-bottom: 30px;\n}\n<\/style>\n\t<\/section>\n\t\n","protected":false},"excerpt":{"rendered":"","protected":false},"author":3,"featured_media":0,"parent":4049,"menu_order":0,"comment_status":"closed","ping_status":"closed","template":"","meta":{"inline_featured_image":false,"footnotes":""},"class_list":["post-5755","page","type-page","status-publish","hentry"],"jetpack_sharing_enabled":true,"_links":{"self":[{"href":"https:\/\/rinkboards.com\/fr\/wp-json\/wp\/v2\/pages\/5755","targetHints":{"allow":["GET"]}}],"collection":[{"href":"https:\/\/rinkboards.com\/fr\/wp-json\/wp\/v2\/pages"}],"about":[{"href":"https:\/\/rinkboards.com\/fr\/wp-json\/wp\/v2\/types\/page"}],"author":[{"embeddable":true,"href":"https:\/\/rinkboards.com\/fr\/wp-json\/wp\/v2\/users\/3"}],"replies":[{"embeddable":true,"href":"https:\/\/rinkboards.com\/fr\/wp-json\/wp\/v2\/comments?post=5755"}],"version-history":[{"count":7,"href":"https:\/\/rinkboards.com\/fr\/wp-json\/wp\/v2\/pages\/5755\/revisions"}],"predecessor-version":[{"id":5782,"href":"https:\/\/rinkboards.com\/fr\/wp-json\/wp\/v2\/pages\/5755\/revisions\/5782"}],"up":[{"embeddable":true,"href":"https:\/\/rinkboards.com\/fr\/wp-json\/wp\/v2\/pages\/4049"}],"wp:attachment":[{"href":"https:\/\/rinkboards.com\/fr\/wp-json\/wp\/v2\/media?parent=5755"}],"curies":[{"name":"wp","href":"https:\/\/api.w.org\/{rel}","templated":true}]}}